{"id":3874,"date":"2021-02-05T19:51:25","date_gmt":"2021-02-05T19:51:25","guid":{"rendered":"https:\/\/barajascerrajeria.com\/?page_id=3874"},"modified":"2023-11-03T21:44:13","modified_gmt":"2023-11-03T21:44:13","slug":"sobre-nosotros","status":"publish","type":"page","link":"https:\/\/barajascerrajeria.com\/en\/sobre-nosotros\/","title":{"rendered":"About Us"},"content":{"rendered":"<div data-elementor-type=\"wp-page\" data-elementor-id=\"3874\" class=\"elementor elementor-3874\">\n\t\t\t\t\t\t<section class=\"elementor-section elementor-top-section elementor-element elementor-element-2216e900 elementor-section-full_width elementor-section-height-min-height elementor-section-stretched elementor-section-height-default elementor-section-items-middle\" data-id=\"2216e900\" data-element_type=\"section\" data-settings=\"{&quot;stretch_section&quot;:&quot;section-stretched&quot;,&quot;background_background&quot;:&quot;classic&quot;}\">\n\t\t\t\t\t\t<div class=\"elementor-container elementor-column-gap-default\">\n\t\t\t\t\t<div class=\"elementor-column elementor-col-100 elementor-top-column elementor-element elementor-element-2c1dd26b\" data-id=\"2c1dd26b\" data-element_type=\"column\">\n\t\t\t<div class=\"elementor-widget-wrap elementor-element-populated\">\n\t\t\t\t\t\t<section class=\"elementor-section elementor-inner-section elementor-element elementor-element-1ce3f3db elementor-section-boxed elementor-section-height-default elementor-section-height-default\" data-id=\"1ce3f3db\" data-element_type=\"section\">\n\t\t\t\t\t\t<div class=\"elementor-container elementor-column-gap-default\">\n\t\t\t\t\t<div class=\"elementor-column elementor-col-100 elementor-inner-column elementor-element elementor-element-25e77026\" data-id=\"25e77026\" data-element_type=\"column\">\n\t\t\t<div class=\"elementor-widget-wrap elementor-element-populated\">\n\t\t\t\t\t\t<div class=\"elementor-element elementor-element-4378649c elementor-widget elementor-widget-heading\" data-id=\"4378649c\" data-element_type=\"widget\" data-widget_type=\"heading.default\">\n\t\t\t\t<div class=\"elementor-widget-container\">\n\t\t\t\t\t<h2 class=\"elementor-heading-title elementor-size-default\">About Us<\/h2>\t\t\t\t<\/div>\n\t\t\t\t<\/div>\n\t\t\t\t<div class=\"elementor-element elementor-element-13d9eaad elementor-widget elementor-widget-heading\" data-id=\"13d9eaad\" data-element_type=\"widget\" data-widget_type=\"heading.default\">\n\t\t\t\t<div class=\"elementor-widget-container\">\n\t\t\t\t\t<span class=\"elementor-heading-title elementor-size-default\">Learn a little more about Barajas Cerrajeria<\/span>\t\t\t\t<\/div>\n\t\t\t\t<\/div>\n\t\t\t\t\t<\/div>\n\t\t<\/div>\n\t\t\t\t\t<\/div>\n\t\t<\/section>\n\t\t\t\t\t<\/div>\n\t\t<\/div>\n\t\t\t\t\t<\/div>\n\t\t<\/section>\n\t\t\t\t<section class=\"elementor-section elementor-top-section elementor-element elementor-element-1f70bd4 elementor-section-boxed elementor-section-height-default elementor-section-height-default\" data-id=\"1f70bd4\" data-element_type=\"section\">\n\t\t\t\t\t\t<div class=\"elementor-container elementor-column-gap-default\">\n\t\t\t\t\t<div class=\"elementor-column elementor-col-100 elementor-top-column elementor-element elementor-element-cad9e72\" data-id=\"cad9e72\" data-element_type=\"column\">\n\t\t\t<div class=\"elementor-widget-wrap elementor-element-populated\">\n\t\t\t\t\t\t<div class=\"elementor-element elementor-element-e941d6b elementor-widget elementor-widget-text-editor\" data-id=\"e941d6b\" data-element_type=\"widget\" data-widget_type=\"text-editor.default\">\n\t\t\t\t<div class=\"elementor-widget-container\">\n\t\t\t\t\t\t\t\t\t<div id=\"nxs-pagerow-prid1361435214\" class=\"nxs-row nxs-not-unistyled nxs-rowtemplate-one\">\n<div class=\"nxs-row-container nxs-containsimmediatehovermenu nxs-row1\">\n<div class=\"ABC\">\n<div class=\"XYZ nxs-valign-middle\">\n<div class=\"nxs-placeholder-content-wrap nxs-crop\">\n<div id=\"nxs-widget-l1203893911\" class=\"nxs-widget nxs-widget-l1203893911 nxs-text\">\n<div class=\"nxs-applylinkvarcolor\">\n<h2 class=\"nxs-title nxs-align-left nxs-heightiq nxs-heightiq-p1-title\">About us\u2026?<\/h2>\n<\/div>\n<div class=\"nxs-clear nxs-filler\">&nbsp;<\/div>\n<div class=\"nxs-default-p nxs-applylinkvarcolor nxs-padding-bottom0 nxs-align-center\">\n<p>Cerrajer\u00eda Barajas nace en 2012 cuando como familia nos damos cuenta que en Guadalajara no exist\u00eda un servicio real de cerrajer\u00eda 24 horas, porque aunque as\u00ed se anuncien les marcas pero no te contestan los tel\u00e9fonos y si te contestan no lo hacen de buena gana. y a hora ya estamos en&nbsp; en Rosarito y Tijuana dando servicio de cerrajer\u00eda 24 horas en Tijuana y Rosarito.<\/p>\n<p>We are a family of locksmiths aware of the need for a 24-hour locksmith service, with a great disposition and a true spirit of service, we have also been concerned about being at the forefront of new technologies and techniques in locksmithing, that is why we have taken the most recent courses and updates and we are always enthusiastic to participate in the courses that ALOA Latino has taught. We currently have the following certifications:<\/p>\n<p>-New generation key programming. Course taught by Omar N\u00e1jera.<\/p>\n<p>-Identification, techniques and reading of Eeprom circuits. Taught by Omar N\u00e1jera<\/p>\n<p>&#8211; &nbsp;Apertura de cajas fuertes con herramientas especializadas. Impartido por Victor L\u00f3pez.<\/p>\n<p>-Picking techniques in automotive locks. Taught by Pat Mcginn.<\/p>\n<p>-Service, problems and solutions of safes. Taught by Gray Woodyear.<\/p>\n<p>-Seminar on Electronic Locksmithing. Taught by Thomas Foxwell.<\/p>\n<\/div>\n<div class=\"nxs-clear\">&nbsp;<\/div>\n<\/div>\n<\/div>\n<\/div>\n<\/div>\n<div class=\"nxs-clear\">&nbsp;<\/div>\n<\/div>\n<\/div>\n<div id=\"nxs-pagerow-prid4512250948\" class=\"nxs-row nxs-not-unistyled nxs-rowtemplate-one\">\n<div class=\"nxs-row-container nxs-containsimmediatehovermenu nxs-row1\">\n<div class=\"ABC\">\n<div class=\"XYZ nxs-valign-middle\">\n<div class=\"nxs-placeholder-content-wrap nxs-crop\">\n<div id=\"nxs-widget-l4546527970\" class=\"nxs-widget nxs-widget-l4546527970 nxs-text\">\n<div class=\"nxs-applylinkvarcolor\">\n<h2 class=\"nxs-title nxs-align-left nxs-heightiq nxs-heightiq-p1-title\">What does it mean to be a good locksmith?<\/h2>\n<\/div>\n<div class=\"nxs-clear nxs-filler\">&nbsp;<\/div>\n<div class=\"nxs-default-p nxs-applylinkvarcolor nxs-padding-bottom0 nxs-align-left\">\n<p>Being a good emergency locksmith involves several things. For example, the person has to know his city well. At the same time, you must be willing to give up whatever you are doing to go rescue the client. A good locksmith has to take into account the customer's need and put himself in his place. Many times the client is agitated, nervous and perhaps even a little scared, especially if it is a woman who has been stranded, outside her car, house or apartment very late at night. It is true that what I have described has nothing to do with the technical side of the locksmith profession, but it is an integral part of the job.<\/p>\n<p>The bitter reality is that many locksmiths have forgotten the fact that they are offering customer service and it should feel good at all times starting from the moment you make the first call to contact the locksmith. I believe that a good locksmith should be a person who likes people and who feels joy in being able to help others, not simply because it is his job but because he genuinely enjoys it. Have you ever been treated by a grumpy person? Someone who seems to be upset about something or something we have no idea about? How did you feel? Doesn't it make you want to run away and never come back?&nbsp;<\/p>\n<p>As a professional locksmith I have always been interested in the part that has to do with customer service. The fact that I have lived and worked in other countries has allowed me to have a slightly broader perspective than if I had never left Mexico. It may seem incredible, but serving the customer well is a number one priority in the most successful companies in the world. However, not only for that reason we must treat the client well but rather because he is a human being with inalienable rights that we must take into account all the time.&nbsp;<\/p>\n<p>If you want to hire my services as a locksmith, rest assured that I will always treat you with respect and dignity, not only because you deserve it but because I genuinely enjoy doing it.&nbsp;<\/p>\n<p>Fidel Barajas, your trusted locksmith.&nbsp;<\/p>\n<\/div>\n<\/div>\n<\/div>\n<\/div>\n<\/div>\n<\/div>\n<\/div>\t\t\t\t\t\t\t\t<\/div>\n\t\t\t\t<\/div>\n\t\t\t\t\t<\/div>\n\t\t<\/div>\n\t\t\t\t\t<\/div>\n\t\t<\/section>\n\t\t\t\t<section class=\"elementor-section elementor-top-section elementor-element elementor-element-a8ebe5b elementor-section-boxed elementor-section-height-default elementor-section-height-default\" data-id=\"a8ebe5b\" data-element_type=\"section\">\n\t\t\t\t\t\t<div class=\"elementor-container elementor-column-gap-default\">\n\t\t\t\t\t<div class=\"elementor-column elementor-col-100 elementor-top-column elementor-element elementor-element-5c521e3\" data-id=\"5c521e3\" data-element_type=\"column\">\n\t\t\t<div class=\"elementor-widget-wrap elementor-element-populated\">\n\t\t\t\t\t\t<div class=\"elementor-element elementor-element-83b0cee elementor-widget elementor-widget-video\" data-id=\"83b0cee\" data-element_type=\"widget\" data-settings=\"{&quot;youtube_url&quot;:&quot;https:\\\/\\\/www.youtube.com\\\/watch?v=EV3fHRXXQyc&quot;,&quot;video_type&quot;:&quot;youtube&quot;,&quot;controls&quot;:&quot;yes&quot;}\" data-widget_type=\"video.default\">\n\t\t\t\t<div class=\"elementor-widget-container\">\n\t\t\t\t\t\t\t<div class=\"elementor-wrapper elementor-open-inline\">\n\t\t\t<div class=\"elementor-video\"><\/div>\t\t<\/div>\n\t\t\t\t\t\t<\/div>\n\t\t\t\t<\/div>\n\t\t\t\t\t<\/div>\n\t\t<\/div>\n\t\t\t\t\t<\/div>\n\t\t<\/section>\n\t\t\t\t<section class=\"elementor-section elementor-top-section elementor-element elementor-element-c46aa7c elementor-section-boxed elementor-section-height-default elementor-section-height-default\" data-id=\"c46aa7c\" data-element_type=\"section\">\n\t\t\t\t\t\t<div class=\"elementor-container elementor-column-gap-default\">\n\t\t\t\t\t<div class=\"elementor-column elementor-col-100 elementor-top-column elementor-element elementor-element-953b299\" data-id=\"953b299\" data-element_type=\"column\">\n\t\t\t<div class=\"elementor-widget-wrap elementor-element-populated\">\n\t\t\t\t\t\t<div class=\"elementor-element elementor-element-bd4ce7d elementor-view-default elementor-widget elementor-widget-icon\" data-id=\"bd4ce7d\" data-element_type=\"widget\" data-widget_type=\"icon.default\">\n\t\t\t\t<div class=\"elementor-widget-container\">\n\t\t\t\t\t\t\t<div class=\"elementor-icon-wrapper\">\n\t\t\t<a class=\"elementor-icon elementor-animation-buzz\" href=\"tel:\/\/317880492\">\n\t\t\t<svg aria-hidden=\"true\" class=\"e-font-icon-svg e-fas-phone-alt\" viewbox=\"0 0 512 512\" xmlns=\"http:\/\/www.w3.org\/2000\/svg\"><path d=\"M497.39 361.8l-112-48a24 24 0 0 0-28 6.9l-49.6 60.6A370.66 370.66 0 0 1 130.6 204.11l60.6-49.6a23.94 23.94 0 0 0 6.9-28l-48-112A24.16 24.16 0 0 0 122.6.61l-104 24A24 24 0 0 0 0 48c0 256.5 207.9 464 464 464a24 24 0 0 0 23.4-18.6l24-104a24.29 24.29 0 0 0-14.01-27.6z\"><\/path><\/svg>\t\t\t<\/a>\n\t\t<\/div>\n\t\t\t\t\t\t<\/div>\n\t\t\t\t<\/div>\n\t\t\t\t\t<\/div>\n\t\t<\/div>\n\t\t\t\t\t<\/div>\n\t\t<\/section>\n\t\t\t\t<\/div>","protected":false},"excerpt":{"rendered":"<p>Sobre Nosotros Conoce un poco mas sobre Barajas Cerrajeria \u00bfQui\u00e9nes somos\u2026? &nbsp; Cerrajer\u00eda Barajas nace en 2012 cuando como familia nos damos cuenta que en Guadalajara no exist\u00eda un servicio real de cerrajer\u00eda 24 horas, porque aunque as\u00ed se anuncien les marcas pero no te contestan los tel\u00e9fonos y si te contestan no lo hacen de buena gana. y a hora ya estamos en&nbsp; en Rosarito y Tijuana dando servicio de cerrajer\u00eda 24 horas en Tijuana y Rosarito. Nosotros somos &hellip; <a href=\"https:\/\/barajascerrajeria.com\/en\/sobre-nosotros\/\" class=\"more-link\">Continue reading<span class=\"screen-reader-text\"> &#8220;Sobre Nosotros&#8221;<\/span><\/a><\/p>","protected":false},"author":1,"featured_media":0,"parent":0,"menu_order":0,"comment_status":"closed","ping_status":"closed","template":"","meta":{"_glsr_average":0,"_glsr_ranking":0,"_glsr_reviews":0,"_joinchat":[],"footnotes":""},"class_list":["post-3874","page","type-page","status-publish","hentry"],"yoast_head":"<!-- This site is optimized with the Yoast SEO plugin v27.1.1 - https:\/\/yoast.com\/product\/yoast-seo-wordpress\/ -->\n<title>Sobre Nosotros - Barajas Cerrajeria<\/title>\n<meta name=\"robots\" content=\"index, follow, max-snippet:-1, max-image-preview:large, max-video-preview:-1\" \/>\n<link rel=\"canonical\" href=\"https:\/\/barajascerrajeria.com\/en\/sobre-nosotros\/\" \/>\n<meta property=\"og:locale\" content=\"en_US\" \/>\n<meta property=\"og:type\" content=\"article\" \/>\n<meta property=\"og:title\" content=\"Sobre Nosotros - Barajas Cerrajeria\" \/>\n<meta property=\"og:description\" content=\"Sobre Nosotros Conoce un poco mas sobre Barajas Cerrajeria \u00bfQui\u00e9nes somos\u2026? &nbsp; Cerrajer\u00eda Barajas nace en 2012 cuando como familia nos damos cuenta que en Guadalajara no exist\u00eda un servicio real de cerrajer\u00eda 24 horas, porque aunque as\u00ed se anuncien les marcas pero no te contestan los tel\u00e9fonos y si te contestan no lo hacen de buena gana. y a hora ya estamos en&nbsp; en Rosarito y Tijuana dando servicio de cerrajer\u00eda 24 horas en Tijuana y Rosarito. Nosotros somos &hellip; Continue reading &quot;Sobre Nosotros&quot;\" \/>\n<meta property=\"og:url\" content=\"https:\/\/barajascerrajeria.com\/en\/sobre-nosotros\/\" \/>\n<meta property=\"og:site_name\" content=\"Barajas Cerrajeria\" \/>\n<meta property=\"article:publisher\" content=\"https:\/\/www.facebook.com\/barajascerrajeria\" \/>\n<meta property=\"article:modified_time\" content=\"2023-11-03T21:44:13+00:00\" \/>\n<meta name=\"twitter:card\" content=\"summary_large_image\" \/>\n<meta name=\"twitter:site\" content=\"@Bara1Barajas\" \/>\n<meta name=\"twitter:label1\" content=\"Est. reading time\" \/>\n\t<meta name=\"twitter:data1\" content=\"3 minutes\" \/>\n<script type=\"application\/ld+json\" class=\"yoast-schema-graph\">{\"@context\":\"https:\/\/schema.org\",\"@graph\":[{\"@type\":\"WebPage\",\"@id\":\"https:\/\/barajascerrajeria.com\/sobre-nosotros\/\",\"url\":\"https:\/\/barajascerrajeria.com\/sobre-nosotros\/\",\"name\":\"Sobre Nosotros - Barajas Cerrajeria\",\"isPartOf\":{\"@id\":\"https:\/\/barajascerrajeria.com\/#website\"},\"datePublished\":\"2021-02-05T19:51:25+00:00\",\"dateModified\":\"2023-11-03T21:44:13+00:00\",\"breadcrumb\":{\"@id\":\"https:\/\/barajascerrajeria.com\/sobre-nosotros\/#breadcrumb\"},\"inLanguage\":\"en-US\",\"potentialAction\":[{\"@type\":\"ReadAction\",\"target\":[\"https:\/\/barajascerrajeria.com\/sobre-nosotros\/\"]}]},{\"@type\":\"BreadcrumbList\",\"@id\":\"https:\/\/barajascerrajeria.com\/sobre-nosotros\/#breadcrumb\",\"itemListElement\":[{\"@type\":\"ListItem\",\"position\":1,\"name\":\"Inicio\",\"item\":\"https:\/\/barajascerrajeria.com\/\"},{\"@type\":\"ListItem\",\"position\":2,\"name\":\"Sobre Nosotros\"}]},{\"@type\":\"WebSite\",\"@id\":\"https:\/\/barajascerrajeria.com\/#website\",\"url\":\"https:\/\/barajascerrajeria.com\/\",\"name\":\"Barajas Cerrajeria\",\"description\":\"Cerrajer\u00eda  Automotriz 24 horas\",\"publisher\":{\"@id\":\"https:\/\/barajascerrajeria.com\/#organization\"},\"potentialAction\":[{\"@type\":\"SearchAction\",\"target\":{\"@type\":\"EntryPoint\",\"urlTemplate\":\"https:\/\/barajascerrajeria.com\/?s={search_term_string}\"},\"query-input\":{\"@type\":\"PropertyValueSpecification\",\"valueRequired\":true,\"valueName\":\"search_term_string\"}}],\"inLanguage\":\"en-US\"},{\"@type\":\"Organization\",\"@id\":\"https:\/\/barajascerrajeria.com\/#organization\",\"name\":\"Barajas Cerrajeria\",\"url\":\"https:\/\/barajascerrajeria.com\/\",\"logo\":{\"@type\":\"ImageObject\",\"inLanguage\":\"en-US\",\"@id\":\"https:\/\/barajascerrajeria.com\/#\/schema\/logo\/image\/\",\"url\":\"https:\/\/barajascerrajeria.com\/wp-content\/uploads\/2020\/10\/logo-512x512-1.jpg\",\"contentUrl\":\"https:\/\/barajascerrajeria.com\/wp-content\/uploads\/2020\/10\/logo-512x512-1.jpg\",\"width\":512,\"height\":512,\"caption\":\"Barajas Cerrajeria\"},\"image\":{\"@id\":\"https:\/\/barajascerrajeria.com\/#\/schema\/logo\/image\/\"},\"sameAs\":[\"https:\/\/www.facebook.com\/barajascerrajeria\",\"https:\/\/x.com\/Bara1Barajas\"]}]}<\/script>\n<!-- \/ Yoast SEO plugin. -->","yoast_head_json":{"title":"Sobre Nosotros - Barajas Cerrajeria","robots":{"index":"index","follow":"follow","max-snippet":"max-snippet:-1","max-image-preview":"max-image-preview:large","max-video-preview":"max-video-preview:-1"},"canonical":"https:\/\/barajascerrajeria.com\/en\/sobre-nosotros\/","og_locale":"en_US","og_type":"article","og_title":"Sobre Nosotros - Barajas Cerrajeria","og_description":"Sobre Nosotros Conoce un poco mas sobre Barajas Cerrajeria \u00bfQui\u00e9nes somos\u2026? &nbsp; Cerrajer\u00eda Barajas nace en 2012 cuando como familia nos damos cuenta que en Guadalajara no exist\u00eda un servicio real de cerrajer\u00eda 24 horas, porque aunque as\u00ed se anuncien les marcas pero no te contestan los tel\u00e9fonos y si te contestan no lo hacen de buena gana. y a hora ya estamos en&nbsp; en Rosarito y Tijuana dando servicio de cerrajer\u00eda 24 horas en Tijuana y Rosarito. Nosotros somos &hellip; Continue reading \"Sobre Nosotros\"","og_url":"https:\/\/barajascerrajeria.com\/en\/sobre-nosotros\/","og_site_name":"Barajas Cerrajeria","article_publisher":"https:\/\/www.facebook.com\/barajascerrajeria","article_modified_time":"2023-11-03T21:44:13+00:00","twitter_card":"summary_large_image","twitter_site":"@Bara1Barajas","twitter_misc":{"Est. reading time":"3 minutes"},"schema":{"@context":"https:\/\/schema.org","@graph":[{"@type":"WebPage","@id":"https:\/\/barajascerrajeria.com\/sobre-nosotros\/","url":"https:\/\/barajascerrajeria.com\/sobre-nosotros\/","name":"Sobre Nosotros - Barajas Cerrajeria","isPartOf":{"@id":"https:\/\/barajascerrajeria.com\/#website"},"datePublished":"2021-02-05T19:51:25+00:00","dateModified":"2023-11-03T21:44:13+00:00","breadcrumb":{"@id":"https:\/\/barajascerrajeria.com\/sobre-nosotros\/#breadcrumb"},"inLanguage":"en-US","potentialAction":[{"@type":"ReadAction","target":["https:\/\/barajascerrajeria.com\/sobre-nosotros\/"]}]},{"@type":"BreadcrumbList","@id":"https:\/\/barajascerrajeria.com\/sobre-nosotros\/#breadcrumb","itemListElement":[{"@type":"ListItem","position":1,"name":"Inicio","item":"https:\/\/barajascerrajeria.com\/"},{"@type":"ListItem","position":2,"name":"Sobre Nosotros"}]},{"@type":"WebSite","@id":"https:\/\/barajascerrajeria.com\/#website","url":"https:\/\/barajascerrajeria.com\/","name":"Barajas Locksmith","description":"Automotive Locksmith Available 24 Hours a Day","publisher":{"@id":"https:\/\/barajascerrajeria.com\/#organization"},"potentialAction":[{"@type":"SearchAction","target":{"@type":"EntryPoint","urlTemplate":"https:\/\/barajascerrajeria.com\/?s={search_term_string}"},"query-input":{"@type":"PropertyValueSpecification","valueRequired":true,"valueName":"search_term_string"}}],"inLanguage":"en-US"},{"@type":"Organization","@id":"https:\/\/barajascerrajeria.com\/#organization","name":"Barajas Locksmith","url":"https:\/\/barajascerrajeria.com\/","logo":{"@type":"ImageObject","inLanguage":"en-US","@id":"https:\/\/barajascerrajeria.com\/#\/schema\/logo\/image\/","url":"https:\/\/barajascerrajeria.com\/wp-content\/uploads\/2020\/10\/logo-512x512-1.jpg","contentUrl":"https:\/\/barajascerrajeria.com\/wp-content\/uploads\/2020\/10\/logo-512x512-1.jpg","width":512,"height":512,"caption":"Barajas Cerrajeria"},"image":{"@id":"https:\/\/barajascerrajeria.com\/#\/schema\/logo\/image\/"},"sameAs":["https:\/\/www.facebook.com\/barajascerrajeria","https:\/\/x.com\/Bara1Barajas"]}]}},"_links":{"self":[{"href":"https:\/\/barajascerrajeria.com\/en\/wp-json\/wp\/v2\/pages\/3874","targetHints":{"allow":["GET"]}}],"collection":[{"href":"https:\/\/barajascerrajeria.com\/en\/wp-json\/wp\/v2\/pages"}],"about":[{"href":"https:\/\/barajascerrajeria.com\/en\/wp-json\/wp\/v2\/types\/page"}],"author":[{"embeddable":true,"href":"https:\/\/barajascerrajeria.com\/en\/wp-json\/wp\/v2\/users\/1"}],"replies":[{"embeddable":true,"href":"https:\/\/barajascerrajeria.com\/en\/wp-json\/wp\/v2\/comments?post=3874"}],"version-history":[{"count":22,"href":"https:\/\/barajascerrajeria.com\/en\/wp-json\/wp\/v2\/pages\/3874\/revisions"}],"predecessor-version":[{"id":4747,"href":"https:\/\/barajascerrajeria.com\/en\/wp-json\/wp\/v2\/pages\/3874\/revisions\/4747"}],"wp:attachment":[{"href":"https:\/\/barajascerrajeria.com\/en\/wp-json\/wp\/v2\/media?parent=3874"}],"curies":[{"name":"wp","href":"https:\/\/api.w.org\/{rel}","templated":true}]}}