{"id":3872,"date":"2021-02-05T19:50:09","date_gmt":"2021-02-05T19:50:09","guid":{"rendered":"https:\/\/barajascerrajeria.com\/?page_id=3872"},"modified":"2024-11-05T22:19:47","modified_gmt":"2024-11-05T22:19:47","slug":"programacion-de-llaves-automotrices","status":"publish","type":"page","link":"https:\/\/barajascerrajeria.com\/en\/programacion-de-llaves-automotrices\/","title":{"rendered":"Automotive Key Solutions"},"content":{"rendered":"<div data-elementor-type=\"wp-page\" data-elementor-id=\"3872\" class=\"elementor elementor-3872\">\n\t\t\t\t\t\t<section class=\"elementor-section elementor-top-section elementor-element elementor-element-3643b1c elementor-section-boxed elementor-section-height-default elementor-section-height-default\" data-id=\"3643b1c\" data-element_type=\"section\">\n\t\t\t\t\t\t<div class=\"elementor-container elementor-column-gap-default\">\n\t\t\t\t\t<div class=\"elementor-column elementor-col-100 elementor-top-column elementor-element elementor-element-a3c0bcd\" data-id=\"a3c0bcd\" data-element_type=\"column\">\n\t\t\t<div class=\"elementor-widget-wrap elementor-element-populated\">\n\t\t\t\t\t\t<div class=\"elementor-element elementor-element-f9e64ad elementor-view-stacked elementor-shape-circle elementor-widget elementor-widget-icon\" data-id=\"f9e64ad\" data-element_type=\"widget\" data-widget_type=\"icon.default\">\n\t\t\t\t<div class=\"elementor-widget-container\">\n\t\t\t\t\t\t\t<div class=\"elementor-icon-wrapper\">\n\t\t\t<a class=\"elementor-icon\" href=\"tel:\/\/%20+%2052%203317880492\" target=\"_blank\">\n\t\t\t<svg aria-hidden=\"true\" class=\"e-font-icon-svg e-fas-phone-square-alt\" viewbox=\"0 0 448 512\" xmlns=\"http:\/\/www.w3.org\/2000\/svg\"><path d=\"M400 32H48A48 48 0 0 0 0 80v352a48 48 0 0 0 48 48h352a48 48 0 0 0 48-48V80a48 48 0 0 0-48-48zm-16.39 307.37l-15 65A15 15 0 0 1 354 416C194 416 64 286.29 64 126a15.7 15.7 0 0 1 11.63-14.61l65-15A18.23 18.23 0 0 1 144 96a16.27 16.27 0 0 1 13.79 9.09l30 70A17.9 17.9 0 0 1 189 181a17 17 0 0 1-5.5 11.61l-37.89 31a231.91 231.91 0 0 0 110.78 110.78l31-37.89A17 17 0 0 1 299 291a17.85 17.85 0 0 1 5.91 1.21l70 30A16.25 16.25 0 0 1 384 336a17.41 17.41 0 0 1-.39 3.37z\"><\/path><\/svg>\t\t\t<\/a>\n\t\t<\/div>\n\t\t\t\t\t\t<\/div>\n\t\t\t\t<\/div>\n\t\t\t\t\t<\/div>\n\t\t<\/div>\n\t\t\t\t\t<\/div>\n\t\t<\/section>\n\t\t<div class=\"elementor-element elementor-element-9322f2d e-flex e-con-boxed e-con e-parent\" data-id=\"9322f2d\" data-element_type=\"container\">\n\t\t\t\t\t<div class=\"e-con-inner\">\n\t\t\t\t<div class=\"elementor-element elementor-element-b614e1d elementor-widget elementor-widget-text-editor\" data-id=\"b614e1d\" data-element_type=\"widget\" data-widget_type=\"text-editor.default\">\n\t\t\t\t<div class=\"elementor-widget-container\">\n\t\t\t\t\t\t\t\t\t<p>&nbsp; &nbsp; &nbsp; &nbsp; &nbsp; &nbsp; &nbsp; &nbsp; &nbsp; &nbsp; &nbsp; &nbsp; &nbsp; &nbsp; &nbsp; &nbsp; &nbsp; &nbsp; &nbsp; &nbsp; &nbsp; &nbsp; &nbsp; &nbsp; &nbsp; &nbsp; &nbsp; &nbsp; &nbsp; &nbsp; &nbsp; &nbsp; &nbsp; &nbsp; &nbsp; &nbsp; &nbsp; &nbsp; &nbsp; &nbsp; &nbsp; &nbsp; &nbsp; &nbsp; &nbsp; &nbsp; &nbsp; &nbsp; &nbsp;&nbsp;<b> &nbsp;Did you lose your car keys...?<\/b><\/p><p>El perder las llaves del Auto es un fen\u00f3meno cotidiano que afecta a la mayor\u00eda&nbsp; de las personas de todas las edades, sumergiendolos en un estado de frustraci\u00f3n por perdida de su tiempo . hoy en dia dicen algunos estudios que la mayor\u00eda de las personas pueden perder hasta&nbsp; seis&nbsp; objetos en un dia, y no es precisamente porque tengan un problema mental, sino por la raz\u00f3n de que vivimos en un tiempo en el que el estr\u00e9s, la fatiga y los h\u00e1bitos&nbsp; de realizar m\u00faltiples actividades simultaneas, nos hacen perder cosas.<\/p>\n<p>Pero no te preocupes&nbsp; en C<b>errajeria barajas 24 horas en Rosarito y Tijuana<\/b> estamos atentos las 24 horas para ayudarte!!<\/p>\n<p>En <b>Barajas Cerrajer\u00eda en Rosarito y Tijuana<\/b>&nbsp;24 horas somos especialistas en <b>programaci\u00f3n de llave<\/b>s automotrices contamos con m\u00e1s de 15 a\u00f1os de experiencia ayudando a nuestros clientes a recuperar sus llaves perdidas, reprogramaci\u00f3n de controles y todo lo que tenga que ver con el sistema inmovilizador.<\/p>\n<p>Existen diferentes tipos de llaves automotrices : llaves con transponder o chip , llaves electr\u00f3nicas con control y llaves electr\u00f3nicas tipo tarjetas y llaves electr\u00f3nicas de presencia. Cualquiera que se tu llave en <b>Barajas cerrajer\u00eda en Rosarito y Tijuana <\/b>estamos listos para generar te tu llave.<\/p>\n<p>Desde el el a\u00f1o 2000 en adelante la mayor\u00eda de los fabricantes de autos incorporaron diferentes sistemas de seguridad a&nbsp; trav\u00e9s de las llaves automotrices, estos sistemas han integrado una tecnolog\u00eda codificada, este tipo de llaves cumple con diferentes funciones en su auto.<\/p>\n<p><b>Cerrajer\u00eda Barajas 24 horas<\/b> est\u00e1 a sus \u00f3rdenes y recuerda que puedes hablarnos en cualquier momento, nosotros te atenderemos. te brindamos los siguientes servicios:<\/p>\n<p>Mantenimiento Preventivo<\/p>\n<p>Mantenimiento correctivo<\/p>\n<p>Reprogramaci\u00f3n de m\u00f3dulos<\/p>\n<p>Programaci\u00f3n de llaves<\/p>\t\t\t\t\t\t\t\t<\/div>\n\t\t\t\t<\/div>\n\t\t\t\t\t<\/div>\n\t\t\t\t<\/div>\n\t\t\t\t<\/div>","protected":false},"excerpt":{"rendered":"<p>&nbsp; &nbsp; &nbsp; &nbsp; &nbsp; &nbsp; &nbsp; &nbsp; &nbsp; &nbsp; &nbsp; &nbsp; &nbsp; &nbsp; &nbsp; &nbsp; &nbsp; &nbsp; &nbsp; &nbsp; &nbsp; &nbsp; &nbsp; &nbsp; &nbsp; &nbsp; &nbsp; &nbsp; &nbsp; &nbsp; &nbsp; &nbsp; &nbsp; &nbsp; &nbsp; &nbsp; &nbsp; &nbsp; &nbsp; &nbsp; &nbsp; &nbsp; &nbsp; &nbsp; &nbsp; &nbsp; &nbsp; &nbsp; &nbsp;&nbsp; &nbsp;Se Te Perdieron las llaves..? El perder las llaves del Auto es un fen\u00f3meno cotidiano que afecta a la mayor\u00eda&nbsp; de las personas de todas las edades, sumergiendolos en un estado &hellip; <a href=\"https:\/\/barajascerrajeria.com\/en\/programacion-de-llaves-automotrices\/\" class=\"more-link\">Continue reading<span class=\"screen-reader-text\"> &#8220;Programaci\u00f3n de llaves Automotrices&#8221;<\/span><\/a><\/p>","protected":false},"author":1,"featured_media":0,"parent":0,"menu_order":0,"comment_status":"closed","ping_status":"closed","template":"","meta":{"_glsr_average":0,"_glsr_ranking":0,"_glsr_reviews":0,"_joinchat":[],"footnotes":""},"class_list":["post-3872","page","type-page","status-publish","hentry"],"yoast_head":"<!-- This site is optimized with the Yoast SEO plugin v27.1.1 - https:\/\/yoast.com\/product\/yoast-seo-wordpress\/ -->\n<title>Programaci\u00f3n de llaves Automotrices - Barajas Cerrajeria<\/title>\n<meta name=\"description\" content=\"Desde el 2000 en adelante la mayor\u00eda de los fabricantes de autos incorporaron diferentes sistemas de seguridad a trav\u00e9s de las llaves , estos sistema incorporado una tecnolog\u00eda codificada, este tipo de llaves cumple ahora con diferentes funciones\" \/>\n<meta name=\"robots\" content=\"index, follow, max-snippet:-1, max-image-preview:large, max-video-preview:-1\" \/>\n<link rel=\"canonical\" href=\"https:\/\/barajascerrajeria.com\/en\/programacion-de-llaves-automotrices\/\" \/>\n<meta property=\"og:locale\" content=\"en_US\" \/>\n<meta property=\"og:type\" content=\"article\" \/>\n<meta property=\"og:title\" content=\"Programaci\u00f3n de llaves Automotrices - Barajas Cerrajeria\" \/>\n<meta property=\"og:description\" content=\"Desde el 2000 en adelante la mayor\u00eda de los fabricantes de autos incorporaron diferentes sistemas de seguridad a trav\u00e9s de las llaves , estos sistema incorporado una tecnolog\u00eda codificada, este tipo de llaves cumple ahora con diferentes funciones\" \/>\n<meta property=\"og:url\" content=\"https:\/\/barajascerrajeria.com\/en\/programacion-de-llaves-automotrices\/\" \/>\n<meta property=\"og:site_name\" content=\"Barajas Cerrajeria\" \/>\n<meta property=\"article:publisher\" content=\"https:\/\/www.facebook.com\/barajascerrajeria\" \/>\n<meta property=\"article:modified_time\" content=\"2024-11-05T22:19:47+00:00\" \/>\n<meta name=\"twitter:card\" content=\"summary_large_image\" \/>\n<meta name=\"twitter:site\" content=\"@Bara1Barajas\" \/>\n<meta name=\"twitter:label1\" content=\"Est. reading time\" \/>\n\t<meta name=\"twitter:data1\" content=\"2 minutes\" \/>\n<script type=\"application\/ld+json\" class=\"yoast-schema-graph\">{\"@context\":\"https:\/\/schema.org\",\"@graph\":[{\"@type\":\"WebPage\",\"@id\":\"https:\/\/barajascerrajeria.com\/programacion-de-llaves-automotrices\/\",\"url\":\"https:\/\/barajascerrajeria.com\/programacion-de-llaves-automotrices\/\",\"name\":\"Programaci\u00f3n de llaves Automotrices - Barajas Cerrajeria\",\"isPartOf\":{\"@id\":\"https:\/\/barajascerrajeria.com\/#website\"},\"datePublished\":\"2021-02-05T19:50:09+00:00\",\"dateModified\":\"2024-11-05T22:19:47+00:00\",\"description\":\"Desde el 2000 en adelante la mayor\u00eda de los fabricantes de autos incorporaron diferentes sistemas de seguridad a trav\u00e9s de las llaves , estos sistema incorporado una tecnolog\u00eda codificada, este tipo de llaves cumple ahora con diferentes funciones\",\"breadcrumb\":{\"@id\":\"https:\/\/barajascerrajeria.com\/programacion-de-llaves-automotrices\/#breadcrumb\"},\"inLanguage\":\"en-US\",\"potentialAction\":[{\"@type\":\"ReadAction\",\"target\":[\"https:\/\/barajascerrajeria.com\/programacion-de-llaves-automotrices\/\"]}]},{\"@type\":\"BreadcrumbList\",\"@id\":\"https:\/\/barajascerrajeria.com\/programacion-de-llaves-automotrices\/#breadcrumb\",\"itemListElement\":[{\"@type\":\"ListItem\",\"position\":1,\"name\":\"Inicio\",\"item\":\"https:\/\/barajascerrajeria.com\/\"},{\"@type\":\"ListItem\",\"position\":2,\"name\":\"Programaci\u00f3n de llaves Automotrices\"}]},{\"@type\":\"WebSite\",\"@id\":\"https:\/\/barajascerrajeria.com\/#website\",\"url\":\"https:\/\/barajascerrajeria.com\/\",\"name\":\"Barajas Cerrajeria\",\"description\":\"Cerrajer\u00eda  Automotriz 24 horas\",\"publisher\":{\"@id\":\"https:\/\/barajascerrajeria.com\/#organization\"},\"potentialAction\":[{\"@type\":\"SearchAction\",\"target\":{\"@type\":\"EntryPoint\",\"urlTemplate\":\"https:\/\/barajascerrajeria.com\/?s={search_term_string}\"},\"query-input\":{\"@type\":\"PropertyValueSpecification\",\"valueRequired\":true,\"valueName\":\"search_term_string\"}}],\"inLanguage\":\"en-US\"},{\"@type\":\"Organization\",\"@id\":\"https:\/\/barajascerrajeria.com\/#organization\",\"name\":\"Barajas Cerrajeria\",\"url\":\"https:\/\/barajascerrajeria.com\/\",\"logo\":{\"@type\":\"ImageObject\",\"inLanguage\":\"en-US\",\"@id\":\"https:\/\/barajascerrajeria.com\/#\/schema\/logo\/image\/\",\"url\":\"https:\/\/barajascerrajeria.com\/wp-content\/uploads\/2020\/10\/logo-512x512-1.jpg\",\"contentUrl\":\"https:\/\/barajascerrajeria.com\/wp-content\/uploads\/2020\/10\/logo-512x512-1.jpg\",\"width\":512,\"height\":512,\"caption\":\"Barajas Cerrajeria\"},\"image\":{\"@id\":\"https:\/\/barajascerrajeria.com\/#\/schema\/logo\/image\/\"},\"sameAs\":[\"https:\/\/www.facebook.com\/barajascerrajeria\",\"https:\/\/x.com\/Bara1Barajas\"]}]}<\/script>\n<!-- \/ Yoast SEO plugin. -->","yoast_head_json":{"title":"Programaci\u00f3n de llaves Automotrices - Barajas Cerrajeria","description":"Desde el 2000 en adelante la mayor\u00eda de los fabricantes de autos incorporaron diferentes sistemas de seguridad a trav\u00e9s de las llaves , estos sistema incorporado una tecnolog\u00eda codificada, este tipo de llaves cumple ahora con diferentes funciones","robots":{"index":"index","follow":"follow","max-snippet":"max-snippet:-1","max-image-preview":"max-image-preview:large","max-video-preview":"max-video-preview:-1"},"canonical":"https:\/\/barajascerrajeria.com\/en\/programacion-de-llaves-automotrices\/","og_locale":"en_US","og_type":"article","og_title":"Programaci\u00f3n de llaves Automotrices - Barajas Cerrajeria","og_description":"Desde el 2000 en adelante la mayor\u00eda de los fabricantes de autos incorporaron diferentes sistemas de seguridad a trav\u00e9s de las llaves , estos sistema incorporado una tecnolog\u00eda codificada, este tipo de llaves cumple ahora con diferentes funciones","og_url":"https:\/\/barajascerrajeria.com\/en\/programacion-de-llaves-automotrices\/","og_site_name":"Barajas Cerrajeria","article_publisher":"https:\/\/www.facebook.com\/barajascerrajeria","article_modified_time":"2024-11-05T22:19:47+00:00","twitter_card":"summary_large_image","twitter_site":"@Bara1Barajas","twitter_misc":{"Est. reading time":"2 minutes"},"schema":{"@context":"https:\/\/schema.org","@graph":[{"@type":"WebPage","@id":"https:\/\/barajascerrajeria.com\/programacion-de-llaves-automotrices\/","url":"https:\/\/barajascerrajeria.com\/programacion-de-llaves-automotrices\/","name":"Programaci\u00f3n de llaves Automotrices - Barajas Cerrajeria","isPartOf":{"@id":"https:\/\/barajascerrajeria.com\/#website"},"datePublished":"2021-02-05T19:50:09+00:00","dateModified":"2024-11-05T22:19:47+00:00","description":"Desde el 2000 en adelante la mayor\u00eda de los fabricantes de autos incorporaron diferentes sistemas de seguridad a trav\u00e9s de las llaves , estos sistema incorporado una tecnolog\u00eda codificada, este tipo de llaves cumple ahora con diferentes funciones","breadcrumb":{"@id":"https:\/\/barajascerrajeria.com\/programacion-de-llaves-automotrices\/#breadcrumb"},"inLanguage":"en-US","potentialAction":[{"@type":"ReadAction","target":["https:\/\/barajascerrajeria.com\/programacion-de-llaves-automotrices\/"]}]},{"@type":"BreadcrumbList","@id":"https:\/\/barajascerrajeria.com\/programacion-de-llaves-automotrices\/#breadcrumb","itemListElement":[{"@type":"ListItem","position":1,"name":"Inicio","item":"https:\/\/barajascerrajeria.com\/"},{"@type":"ListItem","position":2,"name":"Programaci\u00f3n de llaves Automotrices"}]},{"@type":"WebSite","@id":"https:\/\/barajascerrajeria.com\/#website","url":"https:\/\/barajascerrajeria.com\/","name":"Barajas Locksmith","description":"Automotive Locksmith Available 24 Hours a Day","publisher":{"@id":"https:\/\/barajascerrajeria.com\/#organization"},"potentialAction":[{"@type":"SearchAction","target":{"@type":"EntryPoint","urlTemplate":"https:\/\/barajascerrajeria.com\/?s={search_term_string}"},"query-input":{"@type":"PropertyValueSpecification","valueRequired":true,"valueName":"search_term_string"}}],"inLanguage":"en-US"},{"@type":"Organization","@id":"https:\/\/barajascerrajeria.com\/#organization","name":"Barajas Locksmith","url":"https:\/\/barajascerrajeria.com\/","logo":{"@type":"ImageObject","inLanguage":"en-US","@id":"https:\/\/barajascerrajeria.com\/#\/schema\/logo\/image\/","url":"https:\/\/barajascerrajeria.com\/wp-content\/uploads\/2020\/10\/logo-512x512-1.jpg","contentUrl":"https:\/\/barajascerrajeria.com\/wp-content\/uploads\/2020\/10\/logo-512x512-1.jpg","width":512,"height":512,"caption":"Barajas Cerrajeria"},"image":{"@id":"https:\/\/barajascerrajeria.com\/#\/schema\/logo\/image\/"},"sameAs":["https:\/\/www.facebook.com\/barajascerrajeria","https:\/\/x.com\/Bara1Barajas"]}]}},"_links":{"self":[{"href":"https:\/\/barajascerrajeria.com\/en\/wp-json\/wp\/v2\/pages\/3872","targetHints":{"allow":["GET"]}}],"collection":[{"href":"https:\/\/barajascerrajeria.com\/en\/wp-json\/wp\/v2\/pages"}],"about":[{"href":"https:\/\/barajascerrajeria.com\/en\/wp-json\/wp\/v2\/types\/page"}],"author":[{"embeddable":true,"href":"https:\/\/barajascerrajeria.com\/en\/wp-json\/wp\/v2\/users\/1"}],"replies":[{"embeddable":true,"href":"https:\/\/barajascerrajeria.com\/en\/wp-json\/wp\/v2\/comments?post=3872"}],"version-history":[{"count":167,"href":"https:\/\/barajascerrajeria.com\/en\/wp-json\/wp\/v2\/pages\/3872\/revisions"}],"predecessor-version":[{"id":5193,"href":"https:\/\/barajascerrajeria.com\/en\/wp-json\/wp\/v2\/pages\/3872\/revisions\/5193"}],"wp:attachment":[{"href":"https:\/\/barajascerrajeria.com\/en\/wp-json\/wp\/v2\/media?parent=3872"}],"curies":[{"name":"wp","href":"https:\/\/api.w.org\/{rel}","templated":true}]}}