{"id":3870,"date":"2021-02-05T19:47:52","date_gmt":"2021-02-05T19:47:52","guid":{"rendered":"https:\/\/barajascerrajeria.com\/?page_id=3870"},"modified":"2024-10-12T19:03:40","modified_gmt":"2024-10-12T19:03:40","slug":"cajas-fuertes","status":"publish","type":"page","link":"https:\/\/barajascerrajeria.com\/en\/cajas-fuertes\/","title":{"rendered":"Safes"},"content":{"rendered":"<div data-elementor-type=\"wp-page\" data-elementor-id=\"3870\" class=\"elementor elementor-3870\">\n\t\t\t\t\t\t<section class=\"elementor-section elementor-top-section elementor-element elementor-element-4b00f371 elementor-section-full_width elementor-section-height-min-height elementor-section-stretched elementor-section-height-default elementor-section-items-middle\" data-id=\"4b00f371\" data-element_type=\"section\" data-settings=\"{&quot;stretch_section&quot;:&quot;section-stretched&quot;,&quot;background_background&quot;:&quot;classic&quot;}\">\n\t\t\t\t\t\t<div class=\"elementor-container elementor-column-gap-default\">\n\t\t\t\t\t<div class=\"elementor-column elementor-col-100 elementor-top-column elementor-element elementor-element-37a14b12\" data-id=\"37a14b12\" data-element_type=\"column\">\n\t\t\t<div class=\"elementor-widget-wrap elementor-element-populated\">\n\t\t\t\t\t\t<section class=\"elementor-section elementor-inner-section elementor-element elementor-element-74416838 elementor-section-boxed elementor-section-height-default elementor-section-height-default\" data-id=\"74416838\" data-element_type=\"section\">\n\t\t\t\t\t\t<div class=\"elementor-container elementor-column-gap-default\">\n\t\t\t\t\t<div class=\"elementor-column elementor-col-100 elementor-inner-column elementor-element elementor-element-78e5bcfb\" data-id=\"78e5bcfb\" data-element_type=\"column\">\n\t\t\t<div class=\"elementor-widget-wrap elementor-element-populated\">\n\t\t\t\t\t\t<div class=\"elementor-element elementor-element-2dc72ba7 elementor-widget elementor-widget-heading\" data-id=\"2dc72ba7\" data-element_type=\"widget\" data-widget_type=\"heading.default\">\n\t\t\t\t<div class=\"elementor-widget-container\">\n\t\t\t\t\t<h2 class=\"elementor-heading-title elementor-size-default\">        opening of safes<\/h2>\t\t\t\t<\/div>\n\t\t\t\t<\/div>\n\t\t\t\t<div class=\"elementor-element elementor-element-1b7ba044 elementor-widget elementor-widget-heading\" data-id=\"1b7ba044\" data-element_type=\"widget\" data-widget_type=\"heading.default\">\n\t\t\t\t<div class=\"elementor-widget-container\">\n\t\t\t\t\t<h4 class=\"elementor-heading-title elementor-size-large\">\u00bfNo te Acuerdas de tu Combinaci\u00f2n......?<br><br>      \u00bf Su Caja Fuerte tarda en abrir.....?<br><br>       \u00bfIntentas varias veces y No Abre tu Caja fuertes? <br><br>     \u00a1Con un servicio de mantenimiento  evitas todas esas molestias!<br>\n     Especialistas en Apertura, Cambio de combinaci\u00f3n y Mantenimiento de Cajas Fuertes en Tijuana y Rosarito. llama  3317880492. <br>     <br>          \u00a1Lo importante es que recupere sus valores y documentos !\n \n\n<\/h4>\t\t\t\t<\/div>\n\t\t\t\t<\/div>\n\t\t\t\t\t<\/div>\n\t\t<\/div>\n\t\t\t\t\t<\/div>\n\t\t<\/section>\n\t\t\t\t\t<\/div>\n\t\t<\/div>\n\t\t\t\t\t<\/div>\n\t\t<\/section>\n\t\t\t\t<section class=\"elementor-section elementor-top-section elementor-element elementor-element-0ffb64c elementor-section-boxed elementor-section-height-default elementor-section-height-default\" data-id=\"0ffb64c\" data-element_type=\"section\">\n\t\t\t\t\t\t<div class=\"elementor-container elementor-column-gap-default\">\n\t\t\t\t\t<div class=\"elementor-column elementor-col-100 elementor-top-column elementor-element elementor-element-61ef1d6\" data-id=\"61ef1d6\" data-element_type=\"column\">\n\t\t\t<div class=\"elementor-widget-wrap elementor-element-populated\">\n\t\t\t\t\t\t<div class=\"elementor-element elementor-element-fa1d4b2 elementor-widget elementor-widget-spacer\" data-id=\"fa1d4b2\" data-element_type=\"widget\" data-widget_type=\"spacer.default\">\n\t\t\t\t<div class=\"elementor-widget-container\">\n\t\t\t\t\t\t\t<div class=\"elementor-spacer\">\n\t\t\t<div class=\"elementor-spacer-inner\"><\/div>\n\t\t<\/div>\n\t\t\t\t\t\t<\/div>\n\t\t\t\t<\/div>\n\t\t\t\t\t<\/div>\n\t\t<\/div>\n\t\t\t\t\t<\/div>\n\t\t<\/section>\n\t\t\t\t<section class=\"elementor-section elementor-top-section elementor-element elementor-element-c851e9f elementor-section-boxed elementor-section-height-default elementor-section-height-default\" data-id=\"c851e9f\" data-element_type=\"section\">\n\t\t\t\t\t\t<div class=\"elementor-container elementor-column-gap-default\">\n\t\t\t\t\t<div class=\"elementor-column elementor-col-100 elementor-top-column elementor-element elementor-element-72647c5\" data-id=\"72647c5\" data-element_type=\"column\">\n\t\t\t<div class=\"elementor-widget-wrap elementor-element-populated\">\n\t\t\t\t\t\t<div class=\"elementor-element elementor-element-b3d4e1f elementor-view-stacked elementor-shape-circle elementor-widget elementor-widget-icon\" data-id=\"b3d4e1f\" data-element_type=\"widget\" data-widget_type=\"icon.default\">\n\t\t\t\t<div class=\"elementor-widget-container\">\n\t\t\t\t\t\t\t<div class=\"elementor-icon-wrapper\">\n\t\t\t<a class=\"elementor-icon elementor-animation-buzz\" href=\"tel:\/\/3317880492\">\n\t\t\t<svg aria-hidden=\"true\" class=\"e-font-icon-svg e-fas-phone-volume\" viewbox=\"0 0 384 512\" xmlns=\"http:\/\/www.w3.org\/2000\/svg\"><path d=\"M97.333 506.966c-129.874-129.874-129.681-340.252 0-469.933 5.698-5.698 14.527-6.632 21.263-2.422l64.817 40.513a17.187 17.187 0 0 1 6.849 20.958l-32.408 81.021a17.188 17.188 0 0 1-17.669 10.719l-55.81-5.58c-21.051 58.261-20.612 122.471 0 179.515l55.811-5.581a17.188 17.188 0 0 1 17.669 10.719l32.408 81.022a17.188 17.188 0 0 1-6.849 20.958l-64.817 40.513a17.19 17.19 0 0 1-21.264-2.422zM247.126 95.473c11.832 20.047 11.832 45.008 0 65.055-3.95 6.693-13.108 7.959-18.718 2.581l-5.975-5.726c-3.911-3.748-4.793-9.622-2.261-14.41a32.063 32.063 0 0 0 0-29.945c-2.533-4.788-1.65-10.662 2.261-14.41l5.975-5.726c5.61-5.378 14.768-4.112 18.718 2.581zm91.787-91.187c60.14 71.604 60.092 175.882 0 247.428-4.474 5.327-12.53 5.746-17.552.933l-5.798-5.557c-4.56-4.371-4.977-11.529-.93-16.379 49.687-59.538 49.646-145.933 0-205.422-4.047-4.85-3.631-12.008.93-16.379l5.798-5.557c5.022-4.813 13.078-4.394 17.552.933zm-45.972 44.941c36.05 46.322 36.108 111.149 0 157.546-4.39 5.641-12.697 6.251-17.856 1.304l-5.818-5.579c-4.4-4.219-4.998-11.095-1.285-15.931 26.536-34.564 26.534-82.572 0-117.134-3.713-4.836-3.115-11.711 1.285-15.931l5.818-5.579c5.159-4.947 13.466-4.337 17.856 1.304z\"><\/path><\/svg>\t\t\t<\/a>\n\t\t<\/div>\n\t\t\t\t\t\t<\/div>\n\t\t\t\t<\/div>\n\t\t\t\t<div class=\"elementor-element elementor-element-2784b33 elementor-widget elementor-widget-text-editor\" data-id=\"2784b33\" data-element_type=\"widget\" data-widget_type=\"text-editor.default\">\n\t\t\t\t<div class=\"elementor-widget-container\">\n\t\t\t\t\t\t\t\t\t<div class=\"nxs-article-container nxs-widgets-editable nxs-elements-container nxs-post-454\"><div class=\"nxs-postrows\"><div id=\"nxs-pagerow-prid1342000657\" class=\"nxs-row nxs-not-unistyled nxs-rowtemplate-one\"><div class=\"nxs-row-container nxs-containsimmediatehovermenu nxs-row1\"><div class=\"ABC\"><div class=\"XYZ nxs-valign-middle\"><div class=\"nxs-placeholder-content-wrap nxs-crop\"><div id=\"nxs-widget-l1265175964\" class=\"nxs-widget nxs-widget-l1265175964 nxs-text\"><div class=\"nxs-default-p nxs-applylinkvarcolor nxs-padding-bottom0 nxs-align-center\"><p>Una caja fuerte o caja de seguridad es un instrumento dise\u00f1ado para que su apertura sea muy dif\u00edcil a personas no autorizadas y as\u00ed poder guardar elementos de valor. Existen\u00a0 diferentes tipos de\u00a0<a href=\"https:\/\/barajascerrajeria.com\/en\/cajas-fuertes-lo-que-debes-saber-cuando-no-recuerdas-tu-combinacion\/\" target=\"_blank\" rel=\"noopener\">cajas fuertes<\/a>: Cajas fuertes con archivero, Cofres murales, Cajas fuertes convencionales mec\u00e1nicas o electr\u00f3nicas, Cajas fuertes de piso, Cajas fuertes de t\u00f3mbola, Cajas fuertes con cuello de ganso, Cajas fuertes archivero. Barajas <b>Cerrajer\u00eda 24 horas en Rosarito y Tijuana<\/b>. Le ofrece el servicio de:<\/p><p><strong>Openings<\/strong>: Muchas personas por diferentes razones se enfrentan a el problema de que por haber olvidado la combinaci\u00f3n de su caja fuerte ya no la pueden abrir o sucede que la persona que conoc\u00eda la combinaci\u00f3n ya falleci\u00f3, por la raz\u00f3n que sea, no puede abrir su caja fuerte. Barajas Cerrajer\u00eda le pude ayudar de la manera m\u00e1s profesional, \u00a0nuestro personal capacitado se encargar\u00e1 de su problema.<\/p><p>\u00a0<strong>Maintenance<\/strong>: El mantenimiento de una caja fuerte es muy importante pues le puede ahorrar much\u00edsimas molestias y\u00a0 dinero. D\u00e9jeme se lo explico, el mecanismo de una caja fuerte es un sistema\u00a0 mec\u00e1nico, por lo cual al paso del tiempo, los factores del clima y el mismo desgate del uso, hacen que el mecanismo sufra desajustes, pudiendo provocar que no abra la caja, o que se bloquee. Por eso Barajas Cerrajer\u00eda le recomienda que le de mantenimiento a su caja fuerte una vez por a\u00f1o y as\u00ed\u00a0 evitar muchos problemas en el futuro. Nuestro personal capacitado lo ayudara a asegurarse del buen funcionamiento de su caja fuerte.<\/p><p>\u00a0<strong>Combination change<\/strong>: A si como en una cerradura de una puerta se cambian las combinaciones, en las cajas fuertes sucede lo mismo. Ya sea que tenga la combinaci\u00f3n de fabrica y desee personalizarla o que no quiere que alguien mas siga teniendo acceso a su caja fuerte, tambi\u00e9n pude que usted es el nuevo gerente y quiere tomar las riendas. Cualquiera que sea la raz\u00f3n\u00a0 Barajas Cerrajer\u00eda le puede ayudar a hacer su cambio de combinaci\u00f3n. Nuestro personal capacitado lo atender\u00e1n de la mejor manera.<\/p><\/div><\/div><\/div><\/div><\/div><\/div><\/div><div id=\"nxs-pagerow-prid7488023255\" class=\"nxs-row nxs-not-unistyled nxs-rowtemplate-one\"><div class=\"mceTemp\"><p><img fetchpriority=\"high\" decoding=\"async\" class=\"wp-image-4283 size-medium\" src=\"https:\/\/barajascerrajeria.com\/wp-content\/uploads\/2020\/10\/IMG-20170526-WA0000-225x300.jpg\" alt=\"cajas fuertes alta seguridad\" width=\"225\" height=\"300\" srcset=\"https:\/\/barajascerrajeria.com\/wp-content\/uploads\/2020\/10\/IMG-20170526-WA0000-225x300.jpg 225w, https:\/\/barajascerrajeria.com\/wp-content\/uploads\/2020\/10\/IMG-20170526-WA0000-768x1024.jpg 768w, https:\/\/barajascerrajeria.com\/wp-content\/uploads\/2020\/10\/IMG-20170526-WA0000-1152x1536.jpg 1152w, https:\/\/barajascerrajeria.com\/wp-content\/uploads\/2020\/10\/IMG-20170526-WA0000-9x12.jpg 9w, https:\/\/barajascerrajeria.com\/wp-content\/uploads\/2020\/10\/IMG-20170526-WA0000-1000x1333.jpg 1000w, https:\/\/barajascerrajeria.com\/wp-content\/uploads\/2020\/10\/IMG-20170526-WA0000.jpg 1200w\" sizes=\"(max-width: 225px) 85vw, 225px\" \/><\/p>cajas fuertes<\/div><\/div><\/div>\t\t\t\t\t\t\t\t<\/div>\n\t\t\t\t<\/div>\n\t\t\t\t\t<\/div>\n\t\t<\/div>\n\t\t\t\t\t<\/div>\n\t\t<\/section>\n\t\t\t\t<\/div>","protected":false},"excerpt":{"rendered":"<p>Apertura de Cajas fuertes \u00bfNo te Acuerdas de tu Combinaci\u00f2n&#8230;&#8230;? \u00bf Su Caja Fuerte tarda en abrir&#8230;..? \u00bfIntentas varias veces y No Abre tu Caja fuertes? \u00a1Con un servicio de mantenimiento evitas todas esas molestias! Especialistas en Apertura, Cambio de combinaci\u00f3n y Mantenimiento de Cajas Fuertes en Tijuana y Rosarito. llama 3317880492. \u00a1Lo importante es que recupere sus valores y documentos ! Una caja fuerte o caja de seguridad es un instrumento dise\u00f1ado para que su apertura sea muy dif\u00edcil &hellip; <a href=\"https:\/\/barajascerrajeria.com\/en\/cajas-fuertes\/\" class=\"more-link\">Continue reading<span class=\"screen-reader-text\"> &#8220;Cajas Fuertes&#8221;<\/span><\/a><\/p>","protected":false},"author":1,"featured_media":0,"parent":0,"menu_order":0,"comment_status":"closed","ping_status":"closed","template":"","meta":{"_glsr_average":0,"_glsr_ranking":0,"_glsr_reviews":0,"_joinchat":{"message_text":"\u00bf No te acuerdas de la combinaci\u00f2n..?\n\u00bf Intentas varias veces y no Abre tu caja..?\nllama","view":"yes"},"footnotes":""},"class_list":["post-3870","page","type-page","status-publish","hentry"],"yoast_head":"<!-- This site is optimized with the Yoast SEO plugin v27.1.1 - https:\/\/yoast.com\/product\/yoast-seo-wordpress\/ -->\n<title>Cajas Fuertes - Barajas Cerrajeria<\/title>\n<meta name=\"robots\" content=\"index, follow, max-snippet:-1, max-image-preview:large, max-video-preview:-1\" \/>\n<link rel=\"canonical\" href=\"https:\/\/barajascerrajeria.com\/en\/cajas-fuertes\/\" \/>\n<meta property=\"og:locale\" content=\"en_US\" \/>\n<meta property=\"og:type\" content=\"article\" \/>\n<meta property=\"og:title\" content=\"Cajas Fuertes - Barajas Cerrajeria\" \/>\n<meta property=\"og:description\" content=\"Apertura de Cajas fuertes \u00bfNo te Acuerdas de tu Combinaci\u00f2n&#8230;&#8230;? \u00bf Su Caja Fuerte tarda en abrir&#8230;..? \u00bfIntentas varias veces y No Abre tu Caja fuertes? \u00a1Con un servicio de mantenimiento evitas todas esas molestias! Especialistas en Apertura, Cambio de combinaci\u00f3n y Mantenimiento de Cajas Fuertes en Tijuana y Rosarito. llama 3317880492. \u00a1Lo importante es que recupere sus valores y documentos ! Una caja fuerte o caja de seguridad es un instrumento dise\u00f1ado para que su apertura sea muy dif\u00edcil &hellip; Continue reading &quot;Cajas Fuertes&quot;\" \/>\n<meta property=\"og:url\" content=\"https:\/\/barajascerrajeria.com\/en\/cajas-fuertes\/\" \/>\n<meta property=\"og:site_name\" content=\"Barajas Cerrajeria\" \/>\n<meta property=\"article:publisher\" content=\"https:\/\/www.facebook.com\/barajascerrajeria\" \/>\n<meta property=\"article:modified_time\" content=\"2024-10-12T19:03:40+00:00\" \/>\n<meta property=\"og:image\" content=\"https:\/\/barajascerrajeria.com\/wp-content\/uploads\/2020\/10\/IMG-20170526-WA0000.jpg\" \/>\n\t<meta property=\"og:image:width\" content=\"1200\" \/>\n\t<meta property=\"og:image:height\" content=\"1600\" \/>\n\t<meta property=\"og:image:type\" content=\"image\/jpeg\" \/>\n<meta name=\"twitter:card\" content=\"summary_large_image\" \/>\n<meta name=\"twitter:site\" content=\"@Bara1Barajas\" \/>\n<meta name=\"twitter:label1\" content=\"Est. reading time\" \/>\n\t<meta name=\"twitter:data1\" content=\"3 minutes\" \/>\n<script type=\"application\/ld+json\" class=\"yoast-schema-graph\">{\"@context\":\"https:\/\/schema.org\",\"@graph\":[{\"@type\":\"WebPage\",\"@id\":\"https:\/\/barajascerrajeria.com\/cajas-fuertes\/\",\"url\":\"https:\/\/barajascerrajeria.com\/cajas-fuertes\/\",\"name\":\"Cajas Fuertes - Barajas Cerrajeria\",\"isPartOf\":{\"@id\":\"https:\/\/barajascerrajeria.com\/#website\"},\"primaryImageOfPage\":{\"@id\":\"https:\/\/barajascerrajeria.com\/cajas-fuertes\/#primaryimage\"},\"image\":{\"@id\":\"https:\/\/barajascerrajeria.com\/cajas-fuertes\/#primaryimage\"},\"thumbnailUrl\":\"https:\/\/barajascerrajeria.com\/wp-content\/uploads\/2020\/10\/IMG-20170526-WA0000-225x300.jpg\",\"datePublished\":\"2021-02-05T19:47:52+00:00\",\"dateModified\":\"2024-10-12T19:03:40+00:00\",\"breadcrumb\":{\"@id\":\"https:\/\/barajascerrajeria.com\/cajas-fuertes\/#breadcrumb\"},\"inLanguage\":\"en-US\",\"potentialAction\":[{\"@type\":\"ReadAction\",\"target\":[\"https:\/\/barajascerrajeria.com\/cajas-fuertes\/\"]}]},{\"@type\":\"ImageObject\",\"inLanguage\":\"en-US\",\"@id\":\"https:\/\/barajascerrajeria.com\/cajas-fuertes\/#primaryimage\",\"url\":\"https:\/\/barajascerrajeria.com\/wp-content\/uploads\/2020\/10\/IMG-20170526-WA0000-225x300.jpg\",\"contentUrl\":\"https:\/\/barajascerrajeria.com\/wp-content\/uploads\/2020\/10\/IMG-20170526-WA0000-225x300.jpg\"},{\"@type\":\"BreadcrumbList\",\"@id\":\"https:\/\/barajascerrajeria.com\/cajas-fuertes\/#breadcrumb\",\"itemListElement\":[{\"@type\":\"ListItem\",\"position\":1,\"name\":\"Inicio\",\"item\":\"https:\/\/barajascerrajeria.com\/\"},{\"@type\":\"ListItem\",\"position\":2,\"name\":\"Cajas Fuertes\"}]},{\"@type\":\"WebSite\",\"@id\":\"https:\/\/barajascerrajeria.com\/#website\",\"url\":\"https:\/\/barajascerrajeria.com\/\",\"name\":\"Barajas Cerrajeria\",\"description\":\"Cerrajer\u00eda  Automotriz 24 horas\",\"publisher\":{\"@id\":\"https:\/\/barajascerrajeria.com\/#organization\"},\"potentialAction\":[{\"@type\":\"SearchAction\",\"target\":{\"@type\":\"EntryPoint\",\"urlTemplate\":\"https:\/\/barajascerrajeria.com\/?s={search_term_string}\"},\"query-input\":{\"@type\":\"PropertyValueSpecification\",\"valueRequired\":true,\"valueName\":\"search_term_string\"}}],\"inLanguage\":\"en-US\"},{\"@type\":\"Organization\",\"@id\":\"https:\/\/barajascerrajeria.com\/#organization\",\"name\":\"Barajas Cerrajeria\",\"url\":\"https:\/\/barajascerrajeria.com\/\",\"logo\":{\"@type\":\"ImageObject\",\"inLanguage\":\"en-US\",\"@id\":\"https:\/\/barajascerrajeria.com\/#\/schema\/logo\/image\/\",\"url\":\"https:\/\/barajascerrajeria.com\/wp-content\/uploads\/2020\/10\/logo-512x512-1.jpg\",\"contentUrl\":\"https:\/\/barajascerrajeria.com\/wp-content\/uploads\/2020\/10\/logo-512x512-1.jpg\",\"width\":512,\"height\":512,\"caption\":\"Barajas Cerrajeria\"},\"image\":{\"@id\":\"https:\/\/barajascerrajeria.com\/#\/schema\/logo\/image\/\"},\"sameAs\":[\"https:\/\/www.facebook.com\/barajascerrajeria\",\"https:\/\/x.com\/Bara1Barajas\"]}]}<\/script>\n<!-- \/ Yoast SEO plugin. -->","yoast_head_json":{"title":"Cajas Fuertes - Barajas Cerrajeria","robots":{"index":"index","follow":"follow","max-snippet":"max-snippet:-1","max-image-preview":"max-image-preview:large","max-video-preview":"max-video-preview:-1"},"canonical":"https:\/\/barajascerrajeria.com\/en\/cajas-fuertes\/","og_locale":"en_US","og_type":"article","og_title":"Cajas Fuertes - Barajas Cerrajeria","og_description":"Apertura de Cajas fuertes \u00bfNo te Acuerdas de tu Combinaci\u00f2n&#8230;&#8230;? \u00bf Su Caja Fuerte tarda en abrir&#8230;..? \u00bfIntentas varias veces y No Abre tu Caja fuertes? \u00a1Con un servicio de mantenimiento evitas todas esas molestias! Especialistas en Apertura, Cambio de combinaci\u00f3n y Mantenimiento de Cajas Fuertes en Tijuana y Rosarito. llama 3317880492. \u00a1Lo importante es que recupere sus valores y documentos ! Una caja fuerte o caja de seguridad es un instrumento dise\u00f1ado para que su apertura sea muy dif\u00edcil &hellip; Continue reading \"Cajas Fuertes\"","og_url":"https:\/\/barajascerrajeria.com\/en\/cajas-fuertes\/","og_site_name":"Barajas Cerrajeria","article_publisher":"https:\/\/www.facebook.com\/barajascerrajeria","article_modified_time":"2024-10-12T19:03:40+00:00","og_image":[{"width":1200,"height":1600,"url":"https:\/\/barajascerrajeria.com\/wp-content\/uploads\/2020\/10\/IMG-20170526-WA0000.jpg","type":"image\/jpeg"}],"twitter_card":"summary_large_image","twitter_site":"@Bara1Barajas","twitter_misc":{"Est. reading time":"3 minutes"},"schema":{"@context":"https:\/\/schema.org","@graph":[{"@type":"WebPage","@id":"https:\/\/barajascerrajeria.com\/cajas-fuertes\/","url":"https:\/\/barajascerrajeria.com\/cajas-fuertes\/","name":"Cajas Fuertes - Barajas Cerrajeria","isPartOf":{"@id":"https:\/\/barajascerrajeria.com\/#website"},"primaryImageOfPage":{"@id":"https:\/\/barajascerrajeria.com\/cajas-fuertes\/#primaryimage"},"image":{"@id":"https:\/\/barajascerrajeria.com\/cajas-fuertes\/#primaryimage"},"thumbnailUrl":"https:\/\/barajascerrajeria.com\/wp-content\/uploads\/2020\/10\/IMG-20170526-WA0000-225x300.jpg","datePublished":"2021-02-05T19:47:52+00:00","dateModified":"2024-10-12T19:03:40+00:00","breadcrumb":{"@id":"https:\/\/barajascerrajeria.com\/cajas-fuertes\/#breadcrumb"},"inLanguage":"en-US","potentialAction":[{"@type":"ReadAction","target":["https:\/\/barajascerrajeria.com\/cajas-fuertes\/"]}]},{"@type":"ImageObject","inLanguage":"en-US","@id":"https:\/\/barajascerrajeria.com\/cajas-fuertes\/#primaryimage","url":"https:\/\/barajascerrajeria.com\/wp-content\/uploads\/2020\/10\/IMG-20170526-WA0000-225x300.jpg","contentUrl":"https:\/\/barajascerrajeria.com\/wp-content\/uploads\/2020\/10\/IMG-20170526-WA0000-225x300.jpg"},{"@type":"BreadcrumbList","@id":"https:\/\/barajascerrajeria.com\/cajas-fuertes\/#breadcrumb","itemListElement":[{"@type":"ListItem","position":1,"name":"Inicio","item":"https:\/\/barajascerrajeria.com\/"},{"@type":"ListItem","position":2,"name":"Cajas Fuertes"}]},{"@type":"WebSite","@id":"https:\/\/barajascerrajeria.com\/#website","url":"https:\/\/barajascerrajeria.com\/","name":"Barajas Locksmith","description":"Automotive Locksmith Available 24 Hours a Day","publisher":{"@id":"https:\/\/barajascerrajeria.com\/#organization"},"potentialAction":[{"@type":"SearchAction","target":{"@type":"EntryPoint","urlTemplate":"https:\/\/barajascerrajeria.com\/?s={search_term_string}"},"query-input":{"@type":"PropertyValueSpecification","valueRequired":true,"valueName":"search_term_string"}}],"inLanguage":"en-US"},{"@type":"Organization","@id":"https:\/\/barajascerrajeria.com\/#organization","name":"Barajas Locksmith","url":"https:\/\/barajascerrajeria.com\/","logo":{"@type":"ImageObject","inLanguage":"en-US","@id":"https:\/\/barajascerrajeria.com\/#\/schema\/logo\/image\/","url":"https:\/\/barajascerrajeria.com\/wp-content\/uploads\/2020\/10\/logo-512x512-1.jpg","contentUrl":"https:\/\/barajascerrajeria.com\/wp-content\/uploads\/2020\/10\/logo-512x512-1.jpg","width":512,"height":512,"caption":"Barajas Cerrajeria"},"image":{"@id":"https:\/\/barajascerrajeria.com\/#\/schema\/logo\/image\/"},"sameAs":["https:\/\/www.facebook.com\/barajascerrajeria","https:\/\/x.com\/Bara1Barajas"]}]}},"_links":{"self":[{"href":"https:\/\/barajascerrajeria.com\/en\/wp-json\/wp\/v2\/pages\/3870","targetHints":{"allow":["GET"]}}],"collection":[{"href":"https:\/\/barajascerrajeria.com\/en\/wp-json\/wp\/v2\/pages"}],"about":[{"href":"https:\/\/barajascerrajeria.com\/en\/wp-json\/wp\/v2\/types\/page"}],"author":[{"embeddable":true,"href":"https:\/\/barajascerrajeria.com\/en\/wp-json\/wp\/v2\/users\/1"}],"replies":[{"embeddable":true,"href":"https:\/\/barajascerrajeria.com\/en\/wp-json\/wp\/v2\/comments?post=3870"}],"version-history":[{"count":65,"href":"https:\/\/barajascerrajeria.com\/en\/wp-json\/wp\/v2\/pages\/3870\/revisions"}],"predecessor-version":[{"id":4883,"href":"https:\/\/barajascerrajeria.com\/en\/wp-json\/wp\/v2\/pages\/3870\/revisions\/4883"}],"wp:attachment":[{"href":"https:\/\/barajascerrajeria.com\/en\/wp-json\/wp\/v2\/media?parent=3870"}],"curies":[{"name":"wp","href":"https:\/\/api.w.org\/{rel}","templated":true}]}}