{"id":3866,"date":"2021-02-05T19:45:18","date_gmt":"2021-02-05T19:45:18","guid":{"rendered":"https:\/\/barajascerrajeria.com\/?page_id=3866"},"modified":"2023-11-14T12:32:45","modified_gmt":"2023-11-14T12:32:45","slug":"cerrajeria-residencial","status":"publish","type":"page","link":"https:\/\/barajascerrajeria.com\/en\/cerrajeria-residencial\/","title":{"rendered":"Residential Locksmith"},"content":{"rendered":"<div data-elementor-type=\"wp-page\" data-elementor-id=\"3866\" class=\"elementor elementor-3866\">\n\t\t\t\t\t\t<section class=\"elementor-section elementor-top-section elementor-element elementor-element-78ce6f54 elementor-section-full_width elementor-section-height-min-height elementor-section-stretched elementor-section-height-default elementor-section-items-middle\" data-id=\"78ce6f54\" data-element_type=\"section\" data-settings=\"{&quot;stretch_section&quot;:&quot;section-stretched&quot;,&quot;background_background&quot;:&quot;classic&quot;}\">\n\t\t\t\t\t\t<div class=\"elementor-container elementor-column-gap-default\">\n\t\t\t\t\t<div class=\"elementor-column elementor-col-100 elementor-top-column elementor-element elementor-element-55287217\" data-id=\"55287217\" data-element_type=\"column\">\n\t\t\t<div class=\"elementor-widget-wrap elementor-element-populated\">\n\t\t\t\t\t\t<section class=\"elementor-section elementor-inner-section elementor-element elementor-element-90a287 elementor-section-boxed elementor-section-height-default elementor-section-height-default\" data-id=\"90a287\" data-element_type=\"section\">\n\t\t\t\t\t\t<div class=\"elementor-container elementor-column-gap-default\">\n\t\t\t\t\t<div class=\"elementor-column elementor-col-100 elementor-inner-column elementor-element elementor-element-740cc59f\" data-id=\"740cc59f\" data-element_type=\"column\">\n\t\t\t<div class=\"elementor-widget-wrap elementor-element-populated\">\n\t\t\t\t\t\t<div class=\"elementor-element elementor-element-439660c0 elementor-widget elementor-widget-heading\" data-id=\"439660c0\" data-element_type=\"widget\" data-widget_type=\"heading.default\">\n\t\t\t\t<div class=\"elementor-widget-container\">\n\t\t\t\t\t<h2 class=\"elementor-heading-title elementor-size-default\">Residential Locksmith<\/h2>\t\t\t\t<\/div>\n\t\t\t\t<\/div>\n\t\t\t\t<div class=\"elementor-element elementor-element-39c2f5c2 elementor-widget elementor-widget-heading\" data-id=\"39c2f5c2\" data-element_type=\"widget\" data-widget_type=\"heading.default\">\n\t\t\t\t<div class=\"elementor-widget-container\">\n\t\t\t\t\t<h1 class=\"elementor-heading-title elementor-size-large\">Cerrajer\u00eda 24 horas en Rosarito y Tijuana<\/h1>\t\t\t\t<\/div>\n\t\t\t\t<\/div>\n\t\t\t\t<div class=\"elementor-element elementor-element-034bacc elementor-view-stacked elementor-shape-circle elementor-widget elementor-widget-icon\" data-id=\"034bacc\" data-element_type=\"widget\" data-widget_type=\"icon.default\">\n\t\t\t\t<div class=\"elementor-widget-container\">\n\t\t\t\t\t\t\t<div class=\"elementor-icon-wrapper\">\n\t\t\t<a class=\"elementor-icon elementor-animation-push\" href=\"https:\/\/barajascerrajeria.com\/en\/\">\n\t\t\t<i aria-hidden=\"true\" class=\"novaicon ui-3_phone\"><\/i>\t\t\t<\/a>\n\t\t<\/div>\n\t\t\t\t\t\t<\/div>\n\t\t\t\t<\/div>\n\t\t\t\t\t<\/div>\n\t\t<\/div>\n\t\t\t\t\t<\/div>\n\t\t<\/section>\n\t\t\t\t\t<\/div>\n\t\t<\/div>\n\t\t\t\t\t<\/div>\n\t\t<\/section>\n\t\t\t\t<section class=\"elementor-section elementor-top-section elementor-element elementor-element-5e74f30 elementor-section-boxed elementor-section-height-default elementor-section-height-default\" data-id=\"5e74f30\" data-element_type=\"section\">\n\t\t\t\t\t\t<div class=\"elementor-container elementor-column-gap-default\">\n\t\t\t\t\t<div class=\"elementor-column elementor-col-100 elementor-top-column elementor-element elementor-element-d587c2e\" data-id=\"d587c2e\" data-element_type=\"column\">\n\t\t\t<div class=\"elementor-widget-wrap elementor-element-populated\">\n\t\t\t\t\t\t<div class=\"elementor-element elementor-element-3a75a16 elementor-widget elementor-widget-spacer\" data-id=\"3a75a16\" data-element_type=\"widget\" data-widget_type=\"spacer.default\">\n\t\t\t\t<div class=\"elementor-widget-container\">\n\t\t\t\t\t\t\t<div class=\"elementor-spacer\">\n\t\t\t<div class=\"elementor-spacer-inner\"><\/div>\n\t\t<\/div>\n\t\t\t\t\t\t<\/div>\n\t\t\t\t<\/div>\n\t\t\t\t\t<\/div>\n\t\t<\/div>\n\t\t\t\t\t<\/div>\n\t\t<\/section>\n\t\t\t\t<section class=\"elementor-section elementor-top-section elementor-element elementor-element-010d05d elementor-section-boxed elementor-section-height-default elementor-section-height-default\" data-id=\"010d05d\" data-element_type=\"section\">\n\t\t\t\t\t\t<div class=\"elementor-container elementor-column-gap-default\">\n\t\t\t\t\t<div class=\"elementor-column elementor-col-100 elementor-top-column elementor-element elementor-element-cc1c9de\" data-id=\"cc1c9de\" data-element_type=\"column\">\n\t\t\t<div class=\"elementor-widget-wrap elementor-element-populated\">\n\t\t\t\t\t\t<div class=\"elementor-element elementor-element-ef333a4 elementor-widget elementor-widget-text-editor\" data-id=\"ef333a4\" data-element_type=\"widget\" data-widget_type=\"text-editor.default\">\n\t\t\t\t<div class=\"elementor-widget-container\">\n\t\t\t\t\t\t\t\t\t<p>At  Barajas cerrajeria  we provide a wide range of locksmith services to help you protect and secure your home. Our experienced and skilled technicians are available and can offer competitive prices on all services.\n\nWhether you need to change the lock on your door, window, or other locking systems, our experts can offer customized solutions at an affordable price. We understand the importance of having a safe and secure home, so contact us today for more information about our locksmith services!<\/p>\n<p><strong>-Change of combination.<\/strong>&nbsp;Locks require a special technique to be changed without damage, and our team of specialists is on-hand for swift and convenient service. Our team of highly-qualified experts. In addition to this service, we offer the convenience of rekeying your locks so that one key can open all locks in your home.\n\nAll components are carefully handled with the utmost care to avoid damage or vandalism.<\/p>\n<p><strong>-Teaching.&nbsp;<\/strong>Tal vez en su hogar tenga demasiadas puertas y la mayor\u00eda de las cerraduras sean del mismo tipo, y usted sea una persona a quien no le gusta traer demasiadas llaves en su bolsillo por lo inc\u00f3modo del volumen. Nuestro personal capacitado en Cerrajer\u00eda residencial le puede ayudar amaestrando sus cerraduras y as\u00ed usted puede quitarse el molesto peso de tantas llaves y con tan s\u00f3lo una llave abrir todas sus cerraduras. O tal vez usted sea due\u00f1o de un edificio donde tiene varios apartamentos de renta y por seguridad necesite tener acceso a todos los cuartos o apartamentos en lugar de tener una llave por cada puerta nuestro personal con experiencia en Cerrajer\u00eda residencial le puede ayudar a que con una sola llave maestra usted pueda tener acceso a todos esos cuartos o apartamentos sin que sus inquilinos tengan la misma combinaci\u00f3n.<\/p>\n<p><strong>-Correct installation of sheets.<\/strong>&nbsp;Esto es muy importante pues la duraci\u00f3n de su cerradura o chapa depender\u00e1 de una correcta y buena &nbsp;selecci\u00f3n de su chapa, y esto s\u00f3lo lo puede hacer un Cerrajero profesional capacitado en Cerrajer\u00eda residencial. Nosotros nos aseguraremos de que su inversi\u00f3n y su seguridad personal est\u00e9n garantizados.<\/p>\n<p>&#8211;<strong>Key duplicates.&nbsp;<\/strong>La alta demanda de elevar los niveles de seguridad en una cerradura hasta hoy d\u00eda, ha hecho que los fabricantes e ingenieros dise\u00f1en nuevos tipos de llaves, por eso es que hoy d\u00eda tenemos una gran variedad de llaves y no en todos los lugares es posible duplicarlos. Barajas Cerrajer\u00eda 24 horas&nbsp; le ofrece el servicio de duplicado de llaves de cualquier tipo, no importando lo extra\u00f1a o complicada que sea.<\/p>\n<p>&#8211;<strong>Openings.<\/strong>&nbsp;De modo que te quedaste afuera y ya es muy tarde. Tal vez te quedaste afuera de tu apartamento o de tu hogar o simplemente las perdiste. No te preocupes en Barajas Cerrajer\u00eda podemos ayudarte con nuestro servicio de Cerrajer\u00eda 24 horas en Rosarito y Tijuana. No te olvides, b\u00fascanos con la frase aperturas Cerrajero 24 horas o cerrajer\u00eda 24 horas y nosotros te daremos la atenci\u00f3n que te mereces.<\/p>\t\t\t\t\t\t\t\t<\/div>\n\t\t\t\t<\/div>\n\t\t\t\t\t<\/div>\n\t\t<\/div>\n\t\t\t\t\t<\/div>\n\t\t<\/section>\n\t\t\t\t<\/div>","protected":false},"excerpt":{"rendered":"<p>Cerrajeria Residencial Cerrajer\u00eda 24 horas en Rosarito y Tijuana Barajas Cerrajer\u00eda le ofrece el servicio de Cerrajer\u00eda residencial 24 horas en Rosarito y Tijuana, nuestro personal capacitado le podr\u00e1 ayudar en aperturas de cerraduras o cerrojos cuando se le pierdan sus llaves. Le ofrecemos tambi\u00e9n los siguientes servicios: -Cambio de combinaci\u00f3n.&nbsp;Probablemente hoy en un d\u00eda com\u00fan en una gran urbe como lo es Rosarito y Tijuana usted fue v\u00edctima de un atraco y los delincuentes se llevaron todas sus pertenencias &hellip; <a href=\"https:\/\/barajascerrajeria.com\/en\/cerrajeria-residencial\/\" class=\"more-link\">Continue reading<span class=\"screen-reader-text\"> &#8220;Cerrajer\u00eda Residencial&#8221;<\/span><\/a><\/p>","protected":false},"author":1,"featured_media":0,"parent":0,"menu_order":0,"comment_status":"closed","ping_status":"closed","template":"","meta":{"_glsr_average":0,"_glsr_ranking":0,"_glsr_reviews":0,"_joinchat":[],"footnotes":""},"class_list":["post-3866","page","type-page","status-publish","hentry"],"yoast_head":"<!-- This site is optimized with the Yoast SEO plugin v27.1.1 - https:\/\/yoast.com\/product\/yoast-seo-wordpress\/ -->\n<title>Cerrajer\u00eda Residencial - Barajas Cerrajeria<\/title>\n<meta name=\"robots\" content=\"index, follow, max-snippet:-1, max-image-preview:large, max-video-preview:-1\" \/>\n<link rel=\"canonical\" href=\"https:\/\/barajascerrajeria.com\/en\/cerrajeria-residencial\/\" \/>\n<meta property=\"og:locale\" content=\"en_US\" \/>\n<meta property=\"og:type\" content=\"article\" \/>\n<meta property=\"og:title\" content=\"Cerrajer\u00eda Residencial - Barajas Cerrajeria\" \/>\n<meta property=\"og:description\" content=\"Cerrajeria Residencial Cerrajer\u00eda 24 horas en Rosarito y Tijuana Barajas Cerrajer\u00eda le ofrece el servicio de Cerrajer\u00eda residencial 24 horas en Rosarito y Tijuana, nuestro personal capacitado le podr\u00e1 ayudar en aperturas de cerraduras o cerrojos cuando se le pierdan sus llaves. Le ofrecemos tambi\u00e9n los siguientes servicios: -Cambio de combinaci\u00f3n.&nbsp;Probablemente hoy en un d\u00eda com\u00fan en una gran urbe como lo es Rosarito y Tijuana usted fue v\u00edctima de un atraco y los delincuentes se llevaron todas sus pertenencias &hellip; Continue reading &quot;Cerrajer\u00eda Residencial&quot;\" \/>\n<meta property=\"og:url\" content=\"https:\/\/barajascerrajeria.com\/en\/cerrajeria-residencial\/\" \/>\n<meta property=\"og:site_name\" content=\"Barajas Cerrajeria\" \/>\n<meta property=\"article:publisher\" content=\"https:\/\/www.facebook.com\/barajascerrajeria\" \/>\n<meta property=\"article:modified_time\" content=\"2023-11-14T12:32:45+00:00\" \/>\n<meta name=\"twitter:card\" content=\"summary_large_image\" \/>\n<meta name=\"twitter:site\" content=\"@Bara1Barajas\" \/>\n<meta name=\"twitter:label1\" content=\"Est. reading time\" \/>\n\t<meta name=\"twitter:data1\" content=\"3 minutes\" \/>\n<script type=\"application\/ld+json\" class=\"yoast-schema-graph\">{\"@context\":\"https:\/\/schema.org\",\"@graph\":[{\"@type\":\"WebPage\",\"@id\":\"https:\/\/barajascerrajeria.com\/cerrajeria-residencial\/\",\"url\":\"https:\/\/barajascerrajeria.com\/cerrajeria-residencial\/\",\"name\":\"Cerrajer\u00eda Residencial - Barajas Cerrajeria\",\"isPartOf\":{\"@id\":\"https:\/\/barajascerrajeria.com\/#website\"},\"datePublished\":\"2021-02-05T19:45:18+00:00\",\"dateModified\":\"2023-11-14T12:32:45+00:00\",\"breadcrumb\":{\"@id\":\"https:\/\/barajascerrajeria.com\/cerrajeria-residencial\/#breadcrumb\"},\"inLanguage\":\"en-US\",\"potentialAction\":[{\"@type\":\"ReadAction\",\"target\":[\"https:\/\/barajascerrajeria.com\/cerrajeria-residencial\/\"]}]},{\"@type\":\"BreadcrumbList\",\"@id\":\"https:\/\/barajascerrajeria.com\/cerrajeria-residencial\/#breadcrumb\",\"itemListElement\":[{\"@type\":\"ListItem\",\"position\":1,\"name\":\"Inicio\",\"item\":\"https:\/\/barajascerrajeria.com\/\"},{\"@type\":\"ListItem\",\"position\":2,\"name\":\"Cerrajer\u00eda Residencial\"}]},{\"@type\":\"WebSite\",\"@id\":\"https:\/\/barajascerrajeria.com\/#website\",\"url\":\"https:\/\/barajascerrajeria.com\/\",\"name\":\"Barajas Cerrajeria\",\"description\":\"Cerrajer\u00eda  Automotriz 24 horas\",\"publisher\":{\"@id\":\"https:\/\/barajascerrajeria.com\/#organization\"},\"potentialAction\":[{\"@type\":\"SearchAction\",\"target\":{\"@type\":\"EntryPoint\",\"urlTemplate\":\"https:\/\/barajascerrajeria.com\/?s={search_term_string}\"},\"query-input\":{\"@type\":\"PropertyValueSpecification\",\"valueRequired\":true,\"valueName\":\"search_term_string\"}}],\"inLanguage\":\"en-US\"},{\"@type\":\"Organization\",\"@id\":\"https:\/\/barajascerrajeria.com\/#organization\",\"name\":\"Barajas Cerrajeria\",\"url\":\"https:\/\/barajascerrajeria.com\/\",\"logo\":{\"@type\":\"ImageObject\",\"inLanguage\":\"en-US\",\"@id\":\"https:\/\/barajascerrajeria.com\/#\/schema\/logo\/image\/\",\"url\":\"https:\/\/barajascerrajeria.com\/wp-content\/uploads\/2020\/10\/logo-512x512-1.jpg\",\"contentUrl\":\"https:\/\/barajascerrajeria.com\/wp-content\/uploads\/2020\/10\/logo-512x512-1.jpg\",\"width\":512,\"height\":512,\"caption\":\"Barajas Cerrajeria\"},\"image\":{\"@id\":\"https:\/\/barajascerrajeria.com\/#\/schema\/logo\/image\/\"},\"sameAs\":[\"https:\/\/www.facebook.com\/barajascerrajeria\",\"https:\/\/x.com\/Bara1Barajas\"]}]}<\/script>\n<!-- \/ Yoast SEO plugin. -->","yoast_head_json":{"title":"Cerrajer\u00eda Residencial - Barajas Cerrajeria","robots":{"index":"index","follow":"follow","max-snippet":"max-snippet:-1","max-image-preview":"max-image-preview:large","max-video-preview":"max-video-preview:-1"},"canonical":"https:\/\/barajascerrajeria.com\/en\/cerrajeria-residencial\/","og_locale":"en_US","og_type":"article","og_title":"Cerrajer\u00eda Residencial - Barajas Cerrajeria","og_description":"Cerrajeria Residencial Cerrajer\u00eda 24 horas en Rosarito y Tijuana Barajas Cerrajer\u00eda le ofrece el servicio de Cerrajer\u00eda residencial 24 horas en Rosarito y Tijuana, nuestro personal capacitado le podr\u00e1 ayudar en aperturas de cerraduras o cerrojos cuando se le pierdan sus llaves. Le ofrecemos tambi\u00e9n los siguientes servicios: -Cambio de combinaci\u00f3n.&nbsp;Probablemente hoy en un d\u00eda com\u00fan en una gran urbe como lo es Rosarito y Tijuana usted fue v\u00edctima de un atraco y los delincuentes se llevaron todas sus pertenencias &hellip; Continue reading \"Cerrajer\u00eda Residencial\"","og_url":"https:\/\/barajascerrajeria.com\/en\/cerrajeria-residencial\/","og_site_name":"Barajas Cerrajeria","article_publisher":"https:\/\/www.facebook.com\/barajascerrajeria","article_modified_time":"2023-11-14T12:32:45+00:00","twitter_card":"summary_large_image","twitter_site":"@Bara1Barajas","twitter_misc":{"Est. reading time":"3 minutes"},"schema":{"@context":"https:\/\/schema.org","@graph":[{"@type":"WebPage","@id":"https:\/\/barajascerrajeria.com\/cerrajeria-residencial\/","url":"https:\/\/barajascerrajeria.com\/cerrajeria-residencial\/","name":"Cerrajer\u00eda Residencial - Barajas Cerrajeria","isPartOf":{"@id":"https:\/\/barajascerrajeria.com\/#website"},"datePublished":"2021-02-05T19:45:18+00:00","dateModified":"2023-11-14T12:32:45+00:00","breadcrumb":{"@id":"https:\/\/barajascerrajeria.com\/cerrajeria-residencial\/#breadcrumb"},"inLanguage":"en-US","potentialAction":[{"@type":"ReadAction","target":["https:\/\/barajascerrajeria.com\/cerrajeria-residencial\/"]}]},{"@type":"BreadcrumbList","@id":"https:\/\/barajascerrajeria.com\/cerrajeria-residencial\/#breadcrumb","itemListElement":[{"@type":"ListItem","position":1,"name":"Inicio","item":"https:\/\/barajascerrajeria.com\/"},{"@type":"ListItem","position":2,"name":"Cerrajer\u00eda Residencial"}]},{"@type":"WebSite","@id":"https:\/\/barajascerrajeria.com\/#website","url":"https:\/\/barajascerrajeria.com\/","name":"Barajas Locksmith","description":"Automotive Locksmith Available 24 Hours a Day","publisher":{"@id":"https:\/\/barajascerrajeria.com\/#organization"},"potentialAction":[{"@type":"SearchAction","target":{"@type":"EntryPoint","urlTemplate":"https:\/\/barajascerrajeria.com\/?s={search_term_string}"},"query-input":{"@type":"PropertyValueSpecification","valueRequired":true,"valueName":"search_term_string"}}],"inLanguage":"en-US"},{"@type":"Organization","@id":"https:\/\/barajascerrajeria.com\/#organization","name":"Barajas Locksmith","url":"https:\/\/barajascerrajeria.com\/","logo":{"@type":"ImageObject","inLanguage":"en-US","@id":"https:\/\/barajascerrajeria.com\/#\/schema\/logo\/image\/","url":"https:\/\/barajascerrajeria.com\/wp-content\/uploads\/2020\/10\/logo-512x512-1.jpg","contentUrl":"https:\/\/barajascerrajeria.com\/wp-content\/uploads\/2020\/10\/logo-512x512-1.jpg","width":512,"height":512,"caption":"Barajas Cerrajeria"},"image":{"@id":"https:\/\/barajascerrajeria.com\/#\/schema\/logo\/image\/"},"sameAs":["https:\/\/www.facebook.com\/barajascerrajeria","https:\/\/x.com\/Bara1Barajas"]}]}},"_links":{"self":[{"href":"https:\/\/barajascerrajeria.com\/en\/wp-json\/wp\/v2\/pages\/3866","targetHints":{"allow":["GET"]}}],"collection":[{"href":"https:\/\/barajascerrajeria.com\/en\/wp-json\/wp\/v2\/pages"}],"about":[{"href":"https:\/\/barajascerrajeria.com\/en\/wp-json\/wp\/v2\/types\/page"}],"author":[{"embeddable":true,"href":"https:\/\/barajascerrajeria.com\/en\/wp-json\/wp\/v2\/users\/1"}],"replies":[{"embeddable":true,"href":"https:\/\/barajascerrajeria.com\/en\/wp-json\/wp\/v2\/comments?post=3866"}],"version-history":[{"count":46,"href":"https:\/\/barajascerrajeria.com\/en\/wp-json\/wp\/v2\/pages\/3866\/revisions"}],"predecessor-version":[{"id":4804,"href":"https:\/\/barajascerrajeria.com\/en\/wp-json\/wp\/v2\/pages\/3866\/revisions\/4804"}],"wp:attachment":[{"href":"https:\/\/barajascerrajeria.com\/en\/wp-json\/wp\/v2\/media?parent=3866"}],"curies":[{"name":"wp","href":"https:\/\/api.w.org\/{rel}","templated":true}]}}