{"id":3864,"date":"2021-02-05T19:38:44","date_gmt":"2021-02-05T19:38:44","guid":{"rendered":"https:\/\/barajascerrajeria.com\/?page_id=3864"},"modified":"2023-06-16T23:20:32","modified_gmt":"2023-06-16T23:20:32","slug":"cerrajeria-automotriz","status":"publish","type":"page","link":"https:\/\/barajascerrajeria.com\/en\/cerrajeria-automotriz\/","title":{"rendered":"Automotive Locksmith"},"content":{"rendered":"<div data-elementor-type=\"wp-page\" data-elementor-id=\"3864\" class=\"elementor elementor-3864\">\n\t\t\t\t\t\t<section class=\"elementor-section elementor-top-section elementor-element elementor-element-77fd58d1 elementor-section-full_width elementor-section-height-min-height elementor-section-stretched elementor-section-height-default elementor-section-items-middle\" data-id=\"77fd58d1\" data-element_type=\"section\" data-settings=\"{&quot;stretch_section&quot;:&quot;section-stretched&quot;,&quot;background_background&quot;:&quot;classic&quot;}\">\n\t\t\t\t\t\t<div class=\"elementor-container elementor-column-gap-default\">\n\t\t\t\t\t<div class=\"elementor-column elementor-col-100 elementor-top-column elementor-element elementor-element-51b5a188\" data-id=\"51b5a188\" data-element_type=\"column\">\n\t\t\t<div class=\"elementor-widget-wrap elementor-element-populated\">\n\t\t\t\t\t\t<section class=\"elementor-section elementor-inner-section elementor-element elementor-element-f398212 elementor-section-boxed elementor-section-height-default elementor-section-height-default\" data-id=\"f398212\" data-element_type=\"section\">\n\t\t\t\t\t\t<div class=\"elementor-container elementor-column-gap-default\">\n\t\t\t\t\t<div class=\"elementor-column elementor-col-100 elementor-inner-column elementor-element elementor-element-30aa22c9\" data-id=\"30aa22c9\" data-element_type=\"column\">\n\t\t\t<div class=\"elementor-widget-wrap elementor-element-populated\">\n\t\t\t\t\t\t<div class=\"elementor-element elementor-element-21b5a1d5 elementor-widget-mobile__width-auto elementor-widget elementor-widget-heading\" data-id=\"21b5a1d5\" data-element_type=\"widget\" data-widget_type=\"heading.default\">\n\t\t\t\t<div class=\"elementor-widget-container\">\n\t\t\t\t\t<h2 class=\"elementor-heading-title elementor-size-small\">Automotive Locksmith<\/h2>\t\t\t\t<\/div>\n\t\t\t\t<\/div>\n\t\t\t\t<div class=\"elementor-element elementor-element-6c8e0f1e elementor-widget elementor-widget-heading\" data-id=\"6c8e0f1e\" data-element_type=\"widget\" data-widget_type=\"heading.default\">\n\t\t\t\t<div class=\"elementor-widget-container\">\n\t\t\t\t\t<h4 class=\"elementor-heading-title elementor-size-medium\">Barajas Cerrajer\u00eda Especialistas en Programaci\u00f3n de llaves automotrices  y controles<\/h4>\t\t\t\t<\/div>\n\t\t\t\t<\/div>\n\t\t\t\t<div class=\"elementor-element elementor-element-d0bb081 elementor-view-default elementor-widget elementor-widget-icon\" data-id=\"d0bb081\" data-element_type=\"widget\" data-widget_type=\"icon.default\">\n\t\t\t\t<div class=\"elementor-widget-container\">\n\t\t\t\t\t\t\t<div class=\"elementor-icon-wrapper\">\n\t\t\t<a class=\"elementor-icon elementor-animation-pop\" href=\"tel:\/\/3317880492\">\n\t\t\t<i aria-hidden=\"true\" class=\"novaicon ui-3_phone-call\"><\/i>\t\t\t<\/a>\n\t\t<\/div>\n\t\t\t\t\t\t<\/div>\n\t\t\t\t<\/div>\n\t\t\t\t\t<\/div>\n\t\t<\/div>\n\t\t\t\t\t<\/div>\n\t\t<\/section>\n\t\t\t\t\t<\/div>\n\t\t<\/div>\n\t\t\t\t\t<\/div>\n\t\t<\/section>\n\t\t\t\t<section class=\"elementor-section elementor-top-section elementor-element elementor-element-534af92 elementor-section-boxed elementor-section-height-default elementor-section-height-default\" data-id=\"534af92\" data-element_type=\"section\">\n\t\t\t\t\t\t<div class=\"elementor-container elementor-column-gap-default\">\n\t\t\t\t\t<div class=\"elementor-column elementor-col-100 elementor-top-column elementor-element elementor-element-54930d1\" data-id=\"54930d1\" data-element_type=\"column\">\n\t\t\t<div class=\"elementor-widget-wrap elementor-element-populated\">\n\t\t\t\t\t\t<div class=\"elementor-element elementor-element-7bc24af elementor-widget elementor-widget-spacer\" data-id=\"7bc24af\" data-element_type=\"widget\" data-widget_type=\"spacer.default\">\n\t\t\t\t<div class=\"elementor-widget-container\">\n\t\t\t\t\t\t\t<div class=\"elementor-spacer\">\n\t\t\t<div class=\"elementor-spacer-inner\"><\/div>\n\t\t<\/div>\n\t\t\t\t\t\t<\/div>\n\t\t\t\t<\/div>\n\t\t\t\t\t<\/div>\n\t\t<\/div>\n\t\t\t\t\t<\/div>\n\t\t<\/section>\n\t\t\t\t<section class=\"elementor-section elementor-top-section elementor-element elementor-element-c3f4d20 elementor-section-boxed elementor-section-height-default elementor-section-height-default\" data-id=\"c3f4d20\" data-element_type=\"section\">\n\t\t\t\t\t\t<div class=\"elementor-container elementor-column-gap-default\">\n\t\t\t\t\t<div class=\"elementor-column elementor-col-25 elementor-top-column elementor-element elementor-element-9da21ec\" data-id=\"9da21ec\" data-element_type=\"column\">\n\t\t\t<div class=\"elementor-widget-wrap elementor-element-populated\">\n\t\t\t\t\t\t<div class=\"elementor-element elementor-element-4e23766 elementor-widget elementor-widget-image\" data-id=\"4e23766\" data-element_type=\"widget\" data-widget_type=\"image.default\">\n\t\t\t\t<div class=\"elementor-widget-container\">\n\t\t\t\t\t\t\t\t\t\t\t\t\t\t\t<img fetchpriority=\"high\" decoding=\"async\" width=\"450\" height=\"225\" src=\"https:\/\/barajascerrajeria.com\/wp-content\/uploads\/2021\/02\/1-4.jpg\" class=\"attachment-full size-full wp-image-4052\" alt=\"\" srcset=\"https:\/\/barajascerrajeria.com\/wp-content\/uploads\/2021\/02\/1-4.jpg 450w, https:\/\/barajascerrajeria.com\/wp-content\/uploads\/2021\/02\/1-4-300x150.jpg 300w\" sizes=\"(max-width: 450px) 85vw, 450px\" \/>\t\t\t\t\t\t\t\t\t\t\t\t\t\t\t<\/div>\n\t\t\t\t<\/div>\n\t\t\t\t\t<\/div>\n\t\t<\/div>\n\t\t\t\t<div class=\"elementor-column elementor-col-25 elementor-top-column elementor-element elementor-element-7fc1524\" data-id=\"7fc1524\" data-element_type=\"column\">\n\t\t\t<div class=\"elementor-widget-wrap elementor-element-populated\">\n\t\t\t\t\t\t<div class=\"elementor-element elementor-element-3441637 elementor-widget elementor-widget-image\" data-id=\"3441637\" data-element_type=\"widget\" data-widget_type=\"image.default\">\n\t\t\t\t<div class=\"elementor-widget-container\">\n\t\t\t\t\t\t\t\t\t\t\t\t\t\t\t<img decoding=\"async\" width=\"450\" height=\"225\" src=\"https:\/\/barajascerrajeria.com\/wp-content\/uploads\/2021\/02\/2-2.jpg\" class=\"attachment-full size-full wp-image-4053\" alt=\"Switch Honda Regata\" srcset=\"https:\/\/barajascerrajeria.com\/wp-content\/uploads\/2021\/02\/2-2.jpg 450w, https:\/\/barajascerrajeria.com\/wp-content\/uploads\/2021\/02\/2-2-300x150.jpg 300w\" sizes=\"(max-width: 450px) 85vw, 450px\" \/>\t\t\t\t\t\t\t\t\t\t\t\t\t\t\t<\/div>\n\t\t\t\t<\/div>\n\t\t\t\t\t<\/div>\n\t\t<\/div>\n\t\t\t\t<div class=\"elementor-column elementor-col-25 elementor-top-column elementor-element elementor-element-b981ceb\" data-id=\"b981ceb\" data-element_type=\"column\">\n\t\t\t<div class=\"elementor-widget-wrap elementor-element-populated\">\n\t\t\t\t\t\t<div class=\"elementor-element elementor-element-b78f9b9 elementor-widget elementor-widget-image\" data-id=\"b78f9b9\" data-element_type=\"widget\" data-widget_type=\"image.default\">\n\t\t\t\t<div class=\"elementor-widget-container\">\n\t\t\t\t\t\t\t\t\t\t\t\t\t\t\t<img decoding=\"async\" width=\"450\" height=\"225\" src=\"https:\/\/barajascerrajeria.com\/wp-content\/uploads\/2021\/02\/3-2.jpg\" class=\"attachment-full size-full wp-image-4054\" alt=\"\" srcset=\"https:\/\/barajascerrajeria.com\/wp-content\/uploads\/2021\/02\/3-2.jpg 450w, https:\/\/barajascerrajeria.com\/wp-content\/uploads\/2021\/02\/3-2-300x150.jpg 300w\" sizes=\"(max-width: 450px) 85vw, 450px\" \/>\t\t\t\t\t\t\t\t\t\t\t\t\t\t\t<\/div>\n\t\t\t\t<\/div>\n\t\t\t\t\t<\/div>\n\t\t<\/div>\n\t\t\t\t<div class=\"elementor-column elementor-col-25 elementor-top-column elementor-element elementor-element-c12bfa0\" data-id=\"c12bfa0\" data-element_type=\"column\">\n\t\t\t<div class=\"elementor-widget-wrap elementor-element-populated\">\n\t\t\t\t\t\t<div class=\"elementor-element elementor-element-c812d89 elementor-widget elementor-widget-image\" data-id=\"c812d89\" data-element_type=\"widget\" data-widget_type=\"image.default\">\n\t\t\t\t<div class=\"elementor-widget-container\">\n\t\t\t\t\t\t\t\t\t\t\t\t\t\t\t<img loading=\"lazy\" decoding=\"async\" width=\"450\" height=\"225\" src=\"https:\/\/barajascerrajeria.com\/wp-content\/uploads\/2021\/02\/4-2.jpg\" class=\"attachment-full size-full wp-image-4055\" alt=\"cerrajeria automotriz\" srcset=\"https:\/\/barajascerrajeria.com\/wp-content\/uploads\/2021\/02\/4-2.jpg 450w, https:\/\/barajascerrajeria.com\/wp-content\/uploads\/2021\/02\/4-2-300x150.jpg 300w\" sizes=\"(max-width: 450px) 85vw, 450px\" \/>\t\t\t\t\t\t\t\t\t\t\t\t\t\t\t<\/div>\n\t\t\t\t<\/div>\n\t\t\t\t\t<\/div>\n\t\t<\/div>\n\t\t\t\t\t<\/div>\n\t\t<\/section>\n\t\t\t\t<section class=\"elementor-section elementor-top-section elementor-element elementor-element-58d7f19 elementor-section-boxed elementor-section-height-default elementor-section-height-default\" data-id=\"58d7f19\" data-element_type=\"section\">\n\t\t\t\t\t\t<div class=\"elementor-container elementor-column-gap-default\">\n\t\t\t\t\t<div class=\"elementor-column elementor-col-100 elementor-top-column elementor-element elementor-element-10866c2\" data-id=\"10866c2\" data-element_type=\"column\">\n\t\t\t<div class=\"elementor-widget-wrap elementor-element-populated\">\n\t\t\t\t\t\t<div class=\"elementor-element elementor-element-a92bc1c elementor-widget elementor-widget-spacer\" data-id=\"a92bc1c\" data-element_type=\"widget\" data-widget_type=\"spacer.default\">\n\t\t\t\t<div class=\"elementor-widget-container\">\n\t\t\t\t\t\t\t<div class=\"elementor-spacer\">\n\t\t\t<div class=\"elementor-spacer-inner\"><\/div>\n\t\t<\/div>\n\t\t\t\t\t\t<\/div>\n\t\t\t\t<\/div>\n\t\t\t\t\t<\/div>\n\t\t<\/div>\n\t\t\t\t\t<\/div>\n\t\t<\/section>\n\t\t\t\t<section class=\"elementor-section elementor-top-section elementor-element elementor-element-d3724cd elementor-section-boxed elementor-section-height-default elementor-section-height-default\" data-id=\"d3724cd\" data-element_type=\"section\">\n\t\t\t\t\t\t<div class=\"elementor-container elementor-column-gap-default\">\n\t\t\t\t\t<div class=\"elementor-column elementor-col-100 elementor-top-column elementor-element elementor-element-9669ffd\" data-id=\"9669ffd\" data-element_type=\"column\">\n\t\t\t<div class=\"elementor-widget-wrap elementor-element-populated\">\n\t\t\t\t\t\t<div class=\"elementor-element elementor-element-d188352 elementor-widget elementor-widget-text-editor\" data-id=\"d188352\" data-element_type=\"widget\" data-widget_type=\"text-editor.default\">\n\t\t\t\t<div class=\"elementor-widget-container\">\n\t\t\t\t\t\t\t\t\t<p>\u00bfSe le perdieron las llaves de su autom\u00f3vil?&#8230;No&nbsp; se alarme en Barajas Cerrajer\u00eda 24 horas en Rosarito y Tijuana le ayudaran. Barajas Cerrajer\u00eda&nbsp; le ofrece el servicio de cerrajer\u00eda Automotriz en la gran mayor\u00eda de las marcas.<\/p>\n<p>Nuestro personal capacitado le ayudaran en: apertura de autos, elaboraci\u00f3n de llave&nbsp;automotriz&nbsp;perdida, duplicaci\u00f3n, trasplante de chip a una llave hueca, cambios de carcasas, reparaci\u00f3n de controles , cambio de pilas, programaci\u00f3n de controles originales y gen\u00e9ricos,&nbsp;<a href=\"https:\/\/barajascerrajeria.com\/en\/falla-comun-en-el-bora-y-jetta-bicentenario\/\" target=\"_blank\">reparaci\u00f3n de swicht&nbsp; de encendido<\/a>&nbsp;, reparaci\u00f3n o remplazo de cerraduras rotas o da\u00f1adas&nbsp; y todo lo que tenga que ver con cerraduras automotrices.<\/p>\n<p>\u00bfEstabas en la fiesta y el valet parking perdi\u00f3 las llaves de tu auto? No te preocupes Barajas Cerrajer\u00eda 24 horas en Rosarito y Tijuana, te atender\u00e1n sin ning\u00fan problema, no importa que sea de madrugada, lo que m\u00e1s nos importa es poder te servir.<\/p>\n<p>Te fuiste de compras a la plaza y \u00bfSe te olvidaron las llaves dentro de tu auto?&#8230;No te preocupes Barajas Cerrajer\u00eda 24 horas en Rosarito y Tijuana te&nbsp; ayudaran. Contamos con las herramientas y la experiencia para abrir cualquier tipo de autom\u00f3vil&nbsp;&nbsp; . Nuestro personal&nbsp; capacitado te atender\u00e1 con&nbsp; amabilidad. D\u00e1ndote un servicio profesional para que te asegures de que tu auto no sufrir\u00e1 ning\u00fan da\u00f1o.<\/p>\n<p>\u00bfLlegaste a tu casa en la noche y&nbsp; en la ma\u00f1ana no encendi\u00f3 tu auto?&#8230;.Barajas Cerrajer\u00eda 24 horas en Rosarito Y Tijuana&nbsp; te pueden ayudar con los problemas de el modulo inmovilizador de tu auto. Hoy en d\u00eda los autos tienen tatos complementos electr\u00f3nicos que un simple el\u00e9ctrico o mec\u00e1nico no entienden y podr\u00edan hacer te gastar mucho dinero in\u00fatilmente y tiempo. En Cerrajer\u00eda Barajas te ayudamos de la manera m\u00e1s profesional con nuestro servicio de cerrajer\u00eda Automotriz. Contamos con la experiencia necesaria para darte un diagnostico real y una soluci\u00f3n.<\/p>\t\t\t\t\t\t\t\t<\/div>\n\t\t\t\t<\/div>\n\t\t\t\t\t<\/div>\n\t\t<\/div>\n\t\t\t\t\t<\/div>\n\t\t<\/section>\n\t\t\t\t<\/div>","protected":false},"excerpt":{"rendered":"<p>Cerrajeria automotriz Barajas Cerrajer\u00eda Especialistas en Programaci\u00f3n de llaves automotrices y controles \u00bfSe le perdieron las llaves de su autom\u00f3vil?&#8230;No&nbsp; se alarme en Barajas Cerrajer\u00eda 24 horas en Rosarito y Tijuana le ayudaran. Barajas Cerrajer\u00eda&nbsp; le ofrece el servicio de cerrajer\u00eda Automotriz en la gran mayor\u00eda de las marcas. Nuestro personal capacitado le ayudaran en: apertura de autos, elaboraci\u00f3n de llave&nbsp;automotriz&nbsp;perdida, duplicaci\u00f3n, trasplante de chip a una llave hueca, cambios de carcasas, reparaci\u00f3n de controles , cambio de pilas, programaci\u00f3n &hellip; <a href=\"https:\/\/barajascerrajeria.com\/en\/cerrajeria-automotriz\/\" class=\"more-link\">Continue reading<span class=\"screen-reader-text\"> &#8220;Cerrajer\u00eda Automotriz&#8221;<\/span><\/a><\/p>","protected":false},"author":1,"featured_media":0,"parent":0,"menu_order":0,"comment_status":"closed","ping_status":"closed","template":"","meta":{"_glsr_average":0,"_glsr_ranking":0,"_glsr_reviews":0,"_joinchat":{"message_text":"\u00bf Perdiste Tus llaves...?"},"footnotes":""},"class_list":["post-3864","page","type-page","status-publish","hentry"],"yoast_head":"<!-- This site is optimized with the Yoast SEO plugin v27.1.1 - https:\/\/yoast.com\/product\/yoast-seo-wordpress\/ -->\n<title>Cerrajer\u00eda Automotriz - Barajas Cerrajeria<\/title>\n<meta name=\"robots\" content=\"index, follow, max-snippet:-1, max-image-preview:large, max-video-preview:-1\" \/>\n<link rel=\"canonical\" href=\"https:\/\/barajascerrajeria.com\/en\/cerrajeria-automotriz\/\" \/>\n<meta property=\"og:locale\" content=\"en_US\" \/>\n<meta property=\"og:type\" content=\"article\" \/>\n<meta property=\"og:title\" content=\"Cerrajer\u00eda Automotriz - Barajas Cerrajeria\" \/>\n<meta property=\"og:description\" content=\"Cerrajeria automotriz Barajas Cerrajer\u00eda Especialistas en Programaci\u00f3n de llaves automotrices y controles \u00bfSe le perdieron las llaves de su autom\u00f3vil?&#8230;No&nbsp; se alarme en Barajas Cerrajer\u00eda 24 horas en Rosarito y Tijuana le ayudaran. Barajas Cerrajer\u00eda&nbsp; le ofrece el servicio de cerrajer\u00eda Automotriz en la gran mayor\u00eda de las marcas. Nuestro personal capacitado le ayudaran en: apertura de autos, elaboraci\u00f3n de llave&nbsp;automotriz&nbsp;perdida, duplicaci\u00f3n, trasplante de chip a una llave hueca, cambios de carcasas, reparaci\u00f3n de controles , cambio de pilas, programaci\u00f3n &hellip; Continue reading &quot;Cerrajer\u00eda Automotriz&quot;\" \/>\n<meta property=\"og:url\" content=\"https:\/\/barajascerrajeria.com\/en\/cerrajeria-automotriz\/\" \/>\n<meta property=\"og:site_name\" content=\"Barajas Cerrajeria\" \/>\n<meta property=\"article:publisher\" content=\"https:\/\/www.facebook.com\/barajascerrajeria\" \/>\n<meta property=\"article:modified_time\" content=\"2023-06-16T23:20:32+00:00\" \/>\n<meta property=\"og:image\" content=\"https:\/\/barajascerrajeria.com\/wp-content\/uploads\/2021\/02\/1-4.jpg\" \/>\n<meta name=\"twitter:card\" content=\"summary_large_image\" \/>\n<meta name=\"twitter:site\" content=\"@Bara1Barajas\" \/>\n<meta name=\"twitter:label1\" content=\"Est. reading time\" \/>\n\t<meta name=\"twitter:data1\" content=\"2 minutes\" \/>\n<script type=\"application\/ld+json\" class=\"yoast-schema-graph\">{\"@context\":\"https:\/\/schema.org\",\"@graph\":[{\"@type\":\"WebPage\",\"@id\":\"https:\/\/barajascerrajeria.com\/cerrajeria-automotriz\/\",\"url\":\"https:\/\/barajascerrajeria.com\/cerrajeria-automotriz\/\",\"name\":\"Cerrajer\u00eda Automotriz - Barajas Cerrajeria\",\"isPartOf\":{\"@id\":\"https:\/\/barajascerrajeria.com\/#website\"},\"primaryImageOfPage\":{\"@id\":\"https:\/\/barajascerrajeria.com\/cerrajeria-automotriz\/#primaryimage\"},\"image\":{\"@id\":\"https:\/\/barajascerrajeria.com\/cerrajeria-automotriz\/#primaryimage\"},\"thumbnailUrl\":\"https:\/\/barajascerrajeria.com\/wp-content\/uploads\/2021\/02\/1-4.jpg\",\"datePublished\":\"2021-02-05T19:38:44+00:00\",\"dateModified\":\"2023-06-16T23:20:32+00:00\",\"breadcrumb\":{\"@id\":\"https:\/\/barajascerrajeria.com\/cerrajeria-automotriz\/#breadcrumb\"},\"inLanguage\":\"en-US\",\"potentialAction\":[{\"@type\":\"ReadAction\",\"target\":[\"https:\/\/barajascerrajeria.com\/cerrajeria-automotriz\/\"]}]},{\"@type\":\"ImageObject\",\"inLanguage\":\"en-US\",\"@id\":\"https:\/\/barajascerrajeria.com\/cerrajeria-automotriz\/#primaryimage\",\"url\":\"https:\/\/barajascerrajeria.com\/wp-content\/uploads\/2021\/02\/1-4.jpg\",\"contentUrl\":\"https:\/\/barajascerrajeria.com\/wp-content\/uploads\/2021\/02\/1-4.jpg\"},{\"@type\":\"BreadcrumbList\",\"@id\":\"https:\/\/barajascerrajeria.com\/cerrajeria-automotriz\/#breadcrumb\",\"itemListElement\":[{\"@type\":\"ListItem\",\"position\":1,\"name\":\"Inicio\",\"item\":\"https:\/\/barajascerrajeria.com\/\"},{\"@type\":\"ListItem\",\"position\":2,\"name\":\"Cerrajer\u00eda Automotriz\"}]},{\"@type\":\"WebSite\",\"@id\":\"https:\/\/barajascerrajeria.com\/#website\",\"url\":\"https:\/\/barajascerrajeria.com\/\",\"name\":\"Barajas Cerrajeria\",\"description\":\"Cerrajer\u00eda  Automotriz 24 horas\",\"publisher\":{\"@id\":\"https:\/\/barajascerrajeria.com\/#organization\"},\"potentialAction\":[{\"@type\":\"SearchAction\",\"target\":{\"@type\":\"EntryPoint\",\"urlTemplate\":\"https:\/\/barajascerrajeria.com\/?s={search_term_string}\"},\"query-input\":{\"@type\":\"PropertyValueSpecification\",\"valueRequired\":true,\"valueName\":\"search_term_string\"}}],\"inLanguage\":\"en-US\"},{\"@type\":\"Organization\",\"@id\":\"https:\/\/barajascerrajeria.com\/#organization\",\"name\":\"Barajas Cerrajeria\",\"url\":\"https:\/\/barajascerrajeria.com\/\",\"logo\":{\"@type\":\"ImageObject\",\"inLanguage\":\"en-US\",\"@id\":\"https:\/\/barajascerrajeria.com\/#\/schema\/logo\/image\/\",\"url\":\"https:\/\/barajascerrajeria.com\/wp-content\/uploads\/2020\/10\/logo-512x512-1.jpg\",\"contentUrl\":\"https:\/\/barajascerrajeria.com\/wp-content\/uploads\/2020\/10\/logo-512x512-1.jpg\",\"width\":512,\"height\":512,\"caption\":\"Barajas Cerrajeria\"},\"image\":{\"@id\":\"https:\/\/barajascerrajeria.com\/#\/schema\/logo\/image\/\"},\"sameAs\":[\"https:\/\/www.facebook.com\/barajascerrajeria\",\"https:\/\/x.com\/Bara1Barajas\"]}]}<\/script>\n<!-- \/ Yoast SEO plugin. -->","yoast_head_json":{"title":"Cerrajer\u00eda Automotriz - Barajas Cerrajeria","robots":{"index":"index","follow":"follow","max-snippet":"max-snippet:-1","max-image-preview":"max-image-preview:large","max-video-preview":"max-video-preview:-1"},"canonical":"https:\/\/barajascerrajeria.com\/en\/cerrajeria-automotriz\/","og_locale":"en_US","og_type":"article","og_title":"Cerrajer\u00eda Automotriz - Barajas Cerrajeria","og_description":"Cerrajeria automotriz Barajas Cerrajer\u00eda Especialistas en Programaci\u00f3n de llaves automotrices y controles \u00bfSe le perdieron las llaves de su autom\u00f3vil?&#8230;No&nbsp; se alarme en Barajas Cerrajer\u00eda 24 horas en Rosarito y Tijuana le ayudaran. Barajas Cerrajer\u00eda&nbsp; le ofrece el servicio de cerrajer\u00eda Automotriz en la gran mayor\u00eda de las marcas. Nuestro personal capacitado le ayudaran en: apertura de autos, elaboraci\u00f3n de llave&nbsp;automotriz&nbsp;perdida, duplicaci\u00f3n, trasplante de chip a una llave hueca, cambios de carcasas, reparaci\u00f3n de controles , cambio de pilas, programaci\u00f3n &hellip; Continue reading \"Cerrajer\u00eda Automotriz\"","og_url":"https:\/\/barajascerrajeria.com\/en\/cerrajeria-automotriz\/","og_site_name":"Barajas Cerrajeria","article_publisher":"https:\/\/www.facebook.com\/barajascerrajeria","article_modified_time":"2023-06-16T23:20:32+00:00","og_image":[{"url":"https:\/\/barajascerrajeria.com\/wp-content\/uploads\/2021\/02\/1-4.jpg","type":"","width":"","height":""}],"twitter_card":"summary_large_image","twitter_site":"@Bara1Barajas","twitter_misc":{"Est. reading time":"2 minutes"},"schema":{"@context":"https:\/\/schema.org","@graph":[{"@type":"WebPage","@id":"https:\/\/barajascerrajeria.com\/cerrajeria-automotriz\/","url":"https:\/\/barajascerrajeria.com\/cerrajeria-automotriz\/","name":"Cerrajer\u00eda Automotriz - Barajas Cerrajeria","isPartOf":{"@id":"https:\/\/barajascerrajeria.com\/#website"},"primaryImageOfPage":{"@id":"https:\/\/barajascerrajeria.com\/cerrajeria-automotriz\/#primaryimage"},"image":{"@id":"https:\/\/barajascerrajeria.com\/cerrajeria-automotriz\/#primaryimage"},"thumbnailUrl":"https:\/\/barajascerrajeria.com\/wp-content\/uploads\/2021\/02\/1-4.jpg","datePublished":"2021-02-05T19:38:44+00:00","dateModified":"2023-06-16T23:20:32+00:00","breadcrumb":{"@id":"https:\/\/barajascerrajeria.com\/cerrajeria-automotriz\/#breadcrumb"},"inLanguage":"en-US","potentialAction":[{"@type":"ReadAction","target":["https:\/\/barajascerrajeria.com\/cerrajeria-automotriz\/"]}]},{"@type":"ImageObject","inLanguage":"en-US","@id":"https:\/\/barajascerrajeria.com\/cerrajeria-automotriz\/#primaryimage","url":"https:\/\/barajascerrajeria.com\/wp-content\/uploads\/2021\/02\/1-4.jpg","contentUrl":"https:\/\/barajascerrajeria.com\/wp-content\/uploads\/2021\/02\/1-4.jpg"},{"@type":"BreadcrumbList","@id":"https:\/\/barajascerrajeria.com\/cerrajeria-automotriz\/#breadcrumb","itemListElement":[{"@type":"ListItem","position":1,"name":"Inicio","item":"https:\/\/barajascerrajeria.com\/"},{"@type":"ListItem","position":2,"name":"Cerrajer\u00eda Automotriz"}]},{"@type":"WebSite","@id":"https:\/\/barajascerrajeria.com\/#website","url":"https:\/\/barajascerrajeria.com\/","name":"Barajas Locksmith","description":"Automotive Locksmith Available 24 Hours a Day","publisher":{"@id":"https:\/\/barajascerrajeria.com\/#organization"},"potentialAction":[{"@type":"SearchAction","target":{"@type":"EntryPoint","urlTemplate":"https:\/\/barajascerrajeria.com\/?s={search_term_string}"},"query-input":{"@type":"PropertyValueSpecification","valueRequired":true,"valueName":"search_term_string"}}],"inLanguage":"en-US"},{"@type":"Organization","@id":"https:\/\/barajascerrajeria.com\/#organization","name":"Barajas Locksmith","url":"https:\/\/barajascerrajeria.com\/","logo":{"@type":"ImageObject","inLanguage":"en-US","@id":"https:\/\/barajascerrajeria.com\/#\/schema\/logo\/image\/","url":"https:\/\/barajascerrajeria.com\/wp-content\/uploads\/2020\/10\/logo-512x512-1.jpg","contentUrl":"https:\/\/barajascerrajeria.com\/wp-content\/uploads\/2020\/10\/logo-512x512-1.jpg","width":512,"height":512,"caption":"Barajas Cerrajeria"},"image":{"@id":"https:\/\/barajascerrajeria.com\/#\/schema\/logo\/image\/"},"sameAs":["https:\/\/www.facebook.com\/barajascerrajeria","https:\/\/x.com\/Bara1Barajas"]}]}},"_links":{"self":[{"href":"https:\/\/barajascerrajeria.com\/en\/wp-json\/wp\/v2\/pages\/3864","targetHints":{"allow":["GET"]}}],"collection":[{"href":"https:\/\/barajascerrajeria.com\/en\/wp-json\/wp\/v2\/pages"}],"about":[{"href":"https:\/\/barajascerrajeria.com\/en\/wp-json\/wp\/v2\/types\/page"}],"author":[{"embeddable":true,"href":"https:\/\/barajascerrajeria.com\/en\/wp-json\/wp\/v2\/users\/1"}],"replies":[{"embeddable":true,"href":"https:\/\/barajascerrajeria.com\/en\/wp-json\/wp\/v2\/comments?post=3864"}],"version-history":[{"count":98,"href":"https:\/\/barajascerrajeria.com\/en\/wp-json\/wp\/v2\/pages\/3864\/revisions"}],"predecessor-version":[{"id":4488,"href":"https:\/\/barajascerrajeria.com\/en\/wp-json\/wp\/v2\/pages\/3864\/revisions\/4488"}],"wp:attachment":[{"href":"https:\/\/barajascerrajeria.com\/en\/wp-json\/wp\/v2\/media?parent=3864"}],"curies":[{"name":"wp","href":"https:\/\/api.w.org\/{rel}","templated":true}]}}